{"id":127896,"date":"2024-02-26T09:18:23","date_gmt":"2024-02-26T09:18:23","guid":{"rendered":"https:\/\/makarska-touristik.com\/?page_id=127896"},"modified":"2024-03-20T12:45:55","modified_gmt":"2024-03-20T12:45:55","slug":"last-minute-kroatien","status":"publish","type":"page","link":"https:\/\/makarska-touristik.com\/de\/last-minute-kroatien\/","title":{"rendered":"Last minute Kroatien"},"content":{"rendered":"\t\t<div data-elementor-type=\"wp-page\" data-elementor-id=\"127896\" class=\"elementor elementor-127896\">\n\t\t\t\t<div class=\"elementor-element elementor-element-db9daac e-flex e-con-boxed e-con e-parent\" data-id=\"db9daac\" data-element_type=\"container\" data-core-v316-plus=\"true\">\n\t\t\t\t\t<div class=\"e-con-inner\">\n\t\t\t\t<div class=\"elementor-element elementor-element-107a1cb elementor-widget elementor-widget-text-editor\" data-id=\"107a1cb\" data-element_type=\"widget\" data-widget_type=\"text-editor.default\">\n\t\t\t\t<div class=\"elementor-widget-container\">\n\t\t\t<style>\/*! elementor - v3.20.0 - 26-03-2024 *\/\n.elementor-widget-text-editor.elementor-drop-cap-view-stacked .elementor-drop-cap{background-color:#69727d;color:#fff}.elementor-widget-text-editor.elementor-drop-cap-view-framed .elementor-drop-cap{color:#69727d;border:3px solid;background-color:transparent}.elementor-widget-text-editor:not(.elementor-drop-cap-view-default) .elementor-drop-cap{margin-top:8px}.elementor-widget-text-editor:not(.elementor-drop-cap-view-default) .elementor-drop-cap-letter{width:1em;height:1em}.elementor-widget-text-editor .elementor-drop-cap{float:left;text-align:center;line-height:1;font-size:50px}.elementor-widget-text-editor .elementor-drop-cap-letter{display:inline-block}<\/style>\t\t\t\t<div class=\"vc_row wpb_row vc_row-fluid\"><div class=\"wpb_column vc_column_container vc_col-sm-12\"><div class=\"vc_column-inner\"><div class=\"wpb_wrapper\"><div class=\"wpb_text_column wpb_content_element \"><div class=\"wpb_wrapper\"><h1>Last minute Kroatien<\/h1><p><a href=\"https:\/\/makarska-touristik.com\/\"><em><strong>Last Minute Kroatien<\/strong><\/em><\/a> mit seiner faszinierenden Geschichte aber atemberaubenden K\u00fcsten und pulsierenden St\u00e4dten. Es wird schnell zu einem neuen Favoriten f\u00fcr europ\u00e4ische Feiertage. Last Minute Kroatien macht es zu einem unendlich interessanten Land. Sie k\u00f6nnen durch \u00fcppige Berge und W\u00e4lder wandern. Erkunden Sie r\u00f6mische Ruinen oder segeln Sie auf dem glitzernden Mittelmeer. Urlaub in Kroatien sind ideal aber auch<br \/>g\u00fcnstig und bieten sie auch so viel mehr.<\/p><p>Fantastische g\u00fcnstige last minute Kroatien finden Sie f\u00fcr Aufenthalte in den historischen St\u00e4dten Dubrovnik, Split und Pula. Wenn Sie jedoch nach wirklich atemberaubenden Pauschalreisen in der Region suchen, lohnt es sich auf jeden Fall, die von Inseln \u00fcbers\u00e4te K\u00fcste zu erkunden.<\/p><p><a href=\"https:\/\/makarska-touristik.com\/\"><em><strong>Last minute Kroatien<\/strong><\/em><\/a> ist ein so gro\u00dfartiges Reiseziel und wir es dieses Jahr zu einem unserer Top 10 Sommerurlaubsziele gek\u00fcrt haben. Wenn Sie herausfinden m\u00f6chten, warum oder nach etwas mehr Inspiration f\u00fcr die n\u00e4chsten Schritte suchen, finden Sie die vollst\u00e4ndige Liste hier.<\/p><p>\u00a0<\/p><h2>Last minute Kroatien Unterkunft<\/h2><p>Kroatien ist bekannt f\u00fcr die Stadtmauer von Dubrovnik. Die historische K\u00fcstenstadt Split wurde zur vorherrschenden r\u00f6mischen Repr\u00e4sentation der Hauptstadt Zagreb. Sie m\u00fcssen die Makarska Riviera sehen. Makarska Riviera ist bekannt f\u00fcr Sandstr\u00e4nde oder Kiefern und andere Buchten. Sie m\u00fcssen auch den Plitvicer Nationalpark mit seinen 16 und Hirschen sehen.<\/p><p>\u00a0<\/p><h2>Kunst und Kultur<\/h2><p>In Zagreb gibt es eine Reihe von Museen und Kunstgalerien. Einschlie\u00dflich des Mimara-Museums, das Werke von Malern wie Veronese und Caravaggio enth\u00e4lt.<\/p><p>Sie k\u00f6nnen auch Werke kroatischer K\u00fcnstler im auffallend modernen Museum f\u00fcr zeitgen\u00f6ssische Kunst sehen. Dieses Museum zeigt auch Werke internationaler K\u00fcnstler. Sie enthalten auch eine Nachbildung der Tate Modern-Folie.<\/p><p>Abends k\u00f6nnen Sie ein Konzert haben. Eine Oper oder ein Tanz im Nationaltheater in Zagreb. Ein imposantes Geb\u00e4ude aus dem 19. Jahrhundert, das 1895 von Kaiser Franz Joseph verwaltet wurde.<\/p><p>Kroatische Veranstaltungen das ganze Jahr \u00fcber. H\u00f6hepunkte sind das Dubrovnik Music Festival. Sie besuchten klassische Musiker aus aller Welt. Dubrovnik ist von Mitte Juli bis Mitte August ein Festival f\u00fcr klassische Musik.<\/p><p>Weitere Veranstaltungen sind das Dubrovnik International Wine and Jazz Festival im September und das Hideout Dance Music Festival im Juni.<\/p><p>Beobachten Sie den Sonnenuntergang in der historischen K\u00fcstenstadt Zadar. Alfred Hitchcock war ein besonderer Fan der Region und schw\u00e4rmte von den spektakul\u00e4ren Sonnenunterg\u00e4ngen hier. Gehen Sie durch die Mauern von Dubrovnik und genie\u00dfen Sie einen atemberaubenden Blick \u00fcber die Adria und die Stadt.<\/p><p>Sehen Sie historische Sehensw\u00fcrdigkeiten wie das riesige r\u00f6mische Amphitheater in Pula oder den r\u00f6mischen Diokletianpalast in Split. Ein weiterer Ort, den Sie nicht verpassen sollten, ist der malerische Stari Grad mit seinen Renaissance-Pal\u00e4sten.<\/p><p>Lernen Sie das Tauchen \u2013 das klare Wasser der Adria und die F\u00fclle an Meereslebewesen machen es ideal. Es gibt eine Reihe von Kursen, von denen zwei in der N\u00e4he der Insel Kornati und Mljet in der N\u00e4he von Dubrovnik liegen.<\/p><p>Sie k\u00f6nnen auch ein Kajak mieten und die K\u00fcste erkunden. Die beliebtesten Gebiete sind Dubrovnik, die Elaphiten und Korcula.<\/p><p>\u00a0<\/p><h2>Kroatien Restaurants und Traditionell K\u00fcche<\/h2><p>Kroatische K\u00fcche in einer Reihe von Einfl\u00fcssen, meist im Norden. Probieren Sie Tintenfisch, Fischeintopf oder Wildschwein mit Gnocchi in Stermasi auf der Insel Mljet. Eines der besten Restaurants in Dalmatien. Im Konoba Siloko in Vela Luka in der Gradina-Bucht mit herrlichem Meerblick finden Sie auch ausgewogene Meeresfr\u00fcchte.<\/p><p>Wenn Sie dem Alltag entfliehen und wirklich in die lokale Kultur eintauchen m\u00f6chten, dann ist Split das richtige Ziel. Mit kristallklarem Meer und unber\u00fchrter Landschaft. Split ist einer der beliebtesten Orte f\u00fcr Reisende, die eine Auswahl an Luxushotels suchen.<\/p><p>Die besten Str\u00e4nde finden Sie in Marjan \u2013 dem Hauptpark. Rund um den Marjan-Berg auf der Halbinsel Split gibt es mehrere malerische Str\u00e4nde. Der beliebteste Strand ist Bace. Bace, das etwa 1 km vom Zentrum von Split entfernt liegt. Mit handverlesenen Angeboten k\u00f6nnen Sie den besten Ort im Strandkoffer Ihrer Wahl ausw\u00e4hlen. Mit exklusiven Optionen erhalten Sie die besten Last-Minute-Funktionen f\u00fcr Kroatien.<\/p><p>\u00a0<\/p><h2>Last Minute Kroatien- Geschichte und die Kroatische Kultur<\/h2><p>Von den Griechen bis zu den R\u00f6mern war die Geschichte Kroatiens von vielen alten Zivilisationen gepr\u00e4gt. Viele der besten historischen Sehensw\u00fcrdigkeiten Kroatiens befinden sich in der Stadt Dubrovnik. Diese gesch\u00e4ftige Stadt ist eine perfekte Verbindung von Zeitgen\u00f6ssischem und Traditionellem. Dubrovnik, bekannt als die \u201cPerle der Adria\u201d, liegt an der K\u00fcste dieses erstaunlichen Landes.<\/p><p>Das Gebiet \u201cAltstadt\u201d geh\u00f6rt zum UNESCO-Weltkulturerbe und die ganze Stadt ist als Kulturhauptstadt bekannt.<\/p><p>Machen Sie einen Spaziergang entlang der Hauptstra\u00dfe von Stradun und sehen Sie den folgenden Onofrio-Brunnen. Orlando Column, ein Symbol des Friedens. Es gibt viele sch\u00f6ne Barockkirchen. Alles aus Jahrhunderten. Besucher k\u00f6nnen nicht gehen, ohne die folgenden Zelinci-Statuen zu sehen.<br \/>Sehen Sie den Plitvicer Anblick und wir sehen uns wieder in der Natur.<\/p><p>Eingebettet in diesen wundersch\u00f6nen Landschaftspark. Die 16 kristallklaren Ansichten sind ein Muss. Es gibt Wasserf\u00e4lle und nat\u00fcrliche Wege, die seit Jahrhunderten aus Felsen gehauen wurden. Sie schaffen dieses Naturwunder. Erkunden Sie die Sehensw\u00fcrdigkeiten zu Fu\u00df oder nutzen Sie eines der kostenlosen Boote. Oder Sie k\u00f6nnen Busse zum Veliki Slap geh\u00f6ren. Der andere Wasserfall in Kroatien.<\/p><p>Handverlesene Aussagen geben Ihnen das Beste aus Kroatien. Besteuert Sie, um die pers\u00f6nliche Landschaft dieses Landes zu besitzen. Ob Sie die Natur wieder verloren und erlebt oder in der alten Geschichte Kroatiens wiederentdeckt haben. Mit verlorenen Rabatten k\u00f6nnen Sie sicher sein, das beste f\u00fcr Ihren Last-Minute-Urlaub in Kroatien zu finden.<\/p><\/div><\/div><\/div><\/div><\/div><\/div>\t\t\t\t\t\t<\/div>\n\t\t\t\t<\/div>\n\t\t\t\t\t<\/div>\n\t\t\t\t<\/div>\n\t\t\t\t<\/div>\n\t\t","protected":false},"excerpt":{"rendered":"<p>Last minute Kroatien Last Minute Kroatien mit seiner faszinierenden Geschichte aber atemberaubenden K\u00fcsten und pulsierenden St\u00e4dten. Es wird schnell zu einem neuen Favoriten f\u00fcr europ\u00e4ische Feiertage. Last Minute Kroatien macht es zu einem unendlich interessanten Land. Sie k\u00f6nnen durch \u00fcppige Berge und W\u00e4lder wandern. Erkunden Sie r\u00f6mische Ruinen oder segeln Sie auf dem glitzernden Mittelmeer. [&hellip;]<\/p>\n","protected":false},"author":3,"featured_media":0,"parent":0,"menu_order":0,"comment_status":"closed","ping_status":"closed","template":"","meta":{"footnotes":""},"yoast_head":"<!-- This site is optimized with the Yoast SEO plugin v23.1 - https:\/\/yoast.com\/wordpress\/plugins\/seo\/ -->\n<title>Last minute Kroatien &#8212; Makarska Touristik<\/title>\n<meta name=\"robots\" content=\"index, follow, max-snippet:-1, max-image-preview:large, max-video-preview:-1\" \/>\n<link rel=\"canonical\" href=\"https:\/\/makarska-touristik.com\/de\/last-minute-kroatien\/\" \/>\n<meta property=\"og:locale\" content=\"de_DE\" \/>\n<meta property=\"og:type\" content=\"article\" \/>\n<meta property=\"og:title\" content=\"Last minute Kroatien &#8212; Makarska Touristik\" \/>\n<meta property=\"og:description\" content=\"Last minute Kroatien Last Minute Kroatien mit seiner faszinierenden Geschichte aber atemberaubenden K\u00fcsten und pulsierenden St\u00e4dten. Es wird schnell zu einem neuen Favoriten f\u00fcr europ\u00e4ische Feiertage. Last Minute Kroatien macht es zu einem unendlich interessanten Land. Sie k\u00f6nnen durch \u00fcppige Berge und W\u00e4lder wandern. Erkunden Sie r\u00f6mische Ruinen oder segeln Sie auf dem glitzernden Mittelmeer. [&hellip;]\" \/>\n<meta property=\"og:url\" content=\"https:\/\/makarska-touristik.com\/de\/last-minute-kroatien\/\" \/>\n<meta property=\"og:site_name\" content=\"Makarska Touristik\" \/>\n<meta property=\"article:modified_time\" content=\"2024-03-20T12:45:55+00:00\" \/>\n<meta property=\"og:image\" content=\"https:\/\/makarska-touristik.com\/wp-content\/uploads\/2024\/03\/facebook-share.jpg\" \/>\n\t<meta property=\"og:image:width\" content=\"1260\" \/>\n\t<meta property=\"og:image:height\" content=\"800\" \/>\n\t<meta property=\"og:image:type\" content=\"image\/jpeg\" \/>\n<meta name=\"twitter:card\" content=\"summary_large_image\" \/>\n<meta name=\"twitter:label1\" content=\"Gesch\u00e4tzte Lesezeit\" \/>\n\t<meta name=\"twitter:data1\" content=\"5 Minuten\" \/>\n<script type=\"application\/ld+json\" class=\"yoast-schema-graph\">{\"@context\":\"https:\/\/schema.org\",\"@graph\":[{\"@type\":\"WebPage\",\"@id\":\"https:\/\/makarska-touristik.com\/de\/last-minute-kroatien\/\",\"url\":\"https:\/\/makarska-touristik.com\/de\/last-minute-kroatien\/\",\"name\":\"Last minute Kroatien &#8212; Makarska Touristik\",\"isPartOf\":{\"@id\":\"https:\/\/makarska-touristik.com\/de\/#website\"},\"datePublished\":\"2024-02-26T09:18:23+00:00\",\"dateModified\":\"2024-03-20T12:45:55+00:00\",\"inLanguage\":\"de-DE\",\"potentialAction\":[{\"@type\":\"ReadAction\",\"target\":[\"https:\/\/makarska-touristik.com\/de\/last-minute-kroatien\/\"]}]},{\"@type\":\"WebSite\",\"@id\":\"https:\/\/makarska-touristik.com\/de\/#website\",\"url\":\"https:\/\/makarska-touristik.com\/de\/\",\"name\":\"Makarska Touristik\",\"description\":\"\",\"publisher\":{\"@id\":\"https:\/\/makarska-touristik.com\/de\/#organization\"},\"potentialAction\":[{\"@type\":\"SearchAction\",\"target\":{\"@type\":\"EntryPoint\",\"urlTemplate\":\"https:\/\/makarska-touristik.com\/de\/?s={search_term_string}\"},\"query-input\":\"required name=search_term_string\"}],\"inLanguage\":\"de-DE\"},{\"@type\":\"Organization\",\"@id\":\"https:\/\/makarska-touristik.com\/de\/#organization\",\"name\":\"Makarska Touristik\",\"url\":\"https:\/\/makarska-touristik.com\/de\/\",\"logo\":{\"@type\":\"ImageObject\",\"inLanguage\":\"de-DE\",\"@id\":\"https:\/\/makarska-touristik.com\/de\/#\/schema\/logo\/image\/\",\"url\":\"https:\/\/makarska-touristik.com\/wp-content\/uploads\/2024\/02\/logo-mt-big-font-600w.png\",\"contentUrl\":\"https:\/\/makarska-touristik.com\/wp-content\/uploads\/2024\/02\/logo-mt-big-font-600w.png\",\"width\":600,\"height\":79,\"caption\":\"Makarska Touristik\"},\"image\":{\"@id\":\"https:\/\/makarska-touristik.com\/de\/#\/schema\/logo\/image\/\"}}]}<\/script>\n<!-- \/ Yoast SEO plugin. -->","yoast_head_json":{"title":"Last minute Kroatien &#8212; Makarska Touristik","robots":{"index":"index","follow":"follow","max-snippet":"max-snippet:-1","max-image-preview":"max-image-preview:large","max-video-preview":"max-video-preview:-1"},"canonical":"https:\/\/makarska-touristik.com\/de\/last-minute-kroatien\/","og_locale":"de_DE","og_type":"article","og_title":"Last minute Kroatien &#8212; Makarska Touristik","og_description":"Last minute Kroatien Last Minute Kroatien mit seiner faszinierenden Geschichte aber atemberaubenden K\u00fcsten und pulsierenden St\u00e4dten. Es wird schnell zu einem neuen Favoriten f\u00fcr europ\u00e4ische Feiertage. Last Minute Kroatien macht es zu einem unendlich interessanten Land. Sie k\u00f6nnen durch \u00fcppige Berge und W\u00e4lder wandern. Erkunden Sie r\u00f6mische Ruinen oder segeln Sie auf dem glitzernden Mittelmeer. [&hellip;]","og_url":"https:\/\/makarska-touristik.com\/de\/last-minute-kroatien\/","og_site_name":"Makarska Touristik","article_modified_time":"2024-03-20T12:45:55+00:00","og_image":[{"width":1260,"height":800,"url":"https:\/\/makarska-touristik.com\/wp-content\/uploads\/2024\/03\/facebook-share.jpg","type":"image\/jpeg"}],"twitter_card":"summary_large_image","twitter_misc":{"Gesch\u00e4tzte Lesezeit":"5 Minuten"},"schema":{"@context":"https:\/\/schema.org","@graph":[{"@type":"WebPage","@id":"https:\/\/makarska-touristik.com\/de\/last-minute-kroatien\/","url":"https:\/\/makarska-touristik.com\/de\/last-minute-kroatien\/","name":"Last minute Kroatien &#8212; Makarska Touristik","isPartOf":{"@id":"https:\/\/makarska-touristik.com\/de\/#website"},"datePublished":"2024-02-26T09:18:23+00:00","dateModified":"2024-03-20T12:45:55+00:00","inLanguage":"de-DE","potentialAction":[{"@type":"ReadAction","target":["https:\/\/makarska-touristik.com\/de\/last-minute-kroatien\/"]}]},{"@type":"WebSite","@id":"https:\/\/makarska-touristik.com\/de\/#website","url":"https:\/\/makarska-touristik.com\/de\/","name":"Makarska Touristik","description":"","publisher":{"@id":"https:\/\/makarska-touristik.com\/de\/#organization"},"potentialAction":[{"@type":"SearchAction","target":{"@type":"EntryPoint","urlTemplate":"https:\/\/makarska-touristik.com\/de\/?s={search_term_string}"},"query-input":"required name=search_term_string"}],"inLanguage":"de-DE"},{"@type":"Organization","@id":"https:\/\/makarska-touristik.com\/de\/#organization","name":"Makarska Touristik","url":"https:\/\/makarska-touristik.com\/de\/","logo":{"@type":"ImageObject","inLanguage":"de-DE","@id":"https:\/\/makarska-touristik.com\/de\/#\/schema\/logo\/image\/","url":"https:\/\/makarska-touristik.com\/wp-content\/uploads\/2024\/02\/logo-mt-big-font-600w.png","contentUrl":"https:\/\/makarska-touristik.com\/wp-content\/uploads\/2024\/02\/logo-mt-big-font-600w.png","width":600,"height":79,"caption":"Makarska Touristik"},"image":{"@id":"https:\/\/makarska-touristik.com\/de\/#\/schema\/logo\/image\/"}}]}},"_links":{"self":[{"href":"https:\/\/makarska-touristik.com\/de\/wp-json\/wp\/v2\/pages\/127896"}],"collection":[{"href":"https:\/\/makarska-touristik.com\/de\/wp-json\/wp\/v2\/pages"}],"about":[{"href":"https:\/\/makarska-touristik.com\/de\/wp-json\/wp\/v2\/types\/page"}],"author":[{"embeddable":true,"href":"https:\/\/makarska-touristik.com\/de\/wp-json\/wp\/v2\/users\/3"}],"replies":[{"embeddable":true,"href":"https:\/\/makarska-touristik.com\/de\/wp-json\/wp\/v2\/comments?post=127896"}],"version-history":[{"count":8,"href":"https:\/\/makarska-touristik.com\/de\/wp-json\/wp\/v2\/pages\/127896\/revisions"}],"predecessor-version":[{"id":199877,"href":"https:\/\/makarska-touristik.com\/de\/wp-json\/wp\/v2\/pages\/127896\/revisions\/199877"}],"wp:attachment":[{"href":"https:\/\/makarska-touristik.com\/de\/wp-json\/wp\/v2\/media?parent=127896"}],"curies":[{"name":"wp","href":"https:\/\/api.w.org\/{rel}","templated":true}]}}