{"id":1853,"date":"2023-05-31T09:09:30","date_gmt":"2023-05-31T09:09:30","guid":{"rendered":"https:\/\/demo2wpopal.b-cdn.net\/nouhotel\/search-result\/"},"modified":"2024-03-20T08:23:58","modified_gmt":"2024-03-20T08:23:58","slug":"suchergebnis","status":"publish","type":"page","link":"https:\/\/makarska-touristik.com\/de\/suchergebnis\/","title":{"rendered":"Suchergebnis"},"content":{"rendered":"\t\t<div data-elementor-type=\"wp-page\" data-elementor-id=\"1853\" class=\"elementor elementor-1853\">\n\t\t\t\t<div class=\"elementor-element elementor-element-70f84ba e-flex e-con-boxed e-con e-parent\" data-id=\"70f84ba\" data-element_type=\"container\" data-core-v316-plus=\"true\">\n\t\t\t\t\t<div class=\"e-con-inner\">\n\t\t<div class=\"elementor-element elementor-element-6fb6be3 e-con-full e-flex e-con e-child\" data-id=\"6fb6be3\" data-element_type=\"container\">\n\t\t\t\t<\/div>\n\t\t<div class=\"elementor-element elementor-element-52bbc47 e-con-full widget-area e-flex e-con e-child\" data-id=\"52bbc47\" data-element_type=\"container\">\n\t\t<div class=\"elementor-element elementor-element-55ae4c0 e-con-full e-flex e-con e-child\" data-id=\"55ae4c0\" data-element_type=\"container\" data-settings=\"{&quot;sticky&quot;:&quot;top&quot;,&quot;sticky_on&quot;:[&quot;desktop&quot;,&quot;laptop&quot;,&quot;tablet_extra&quot;,&quot;tablet&quot;,&quot;mobile_extra&quot;],&quot;sticky_parent&quot;:&quot;yes&quot;,&quot;sticky_offset&quot;:0,&quot;sticky_effects_offset&quot;:0}\">\n\t\t\t\t<div class=\"elementor-element elementor-element-1399142 babe-search-form-style-2 elementor-widget elementor-widget-babe-search-form\" data-id=\"1399142\" data-element_type=\"widget\" data-widget_type=\"babe-search-form.default\">\n\t\t\t\t<div class=\"elementor-widget-container\">\n\t\t\t\n        <div id=\"nouhotel-search-box\" class=\"babe-search-box\">\n            <h3 class=\"sigma form-title\">Reservierung<\/h3>            <form name=\"search_form\" action=\"https:\/\/makarska-touristik.com\/de\/suchergebnis\/\" method=\"get\" id=\"search_form\" class=\"babe-search-form\">\n                <div class=\"search-form-inner\">\n                    <div class=\"input-group col-3\">\n                        <div class=\"field-search-group\"><div class=\"field-group-inner date-block\"><div class=\"field-search right-search\"><div class=\"field-title advanced-header\">ANKOMMEN<\/div><div class=\"search_date_wrapper\"><span class=\"with-icons search-date search_date_wrapper_date_from is-active\" data-active-0=\"1\" data-title=\"Ankommen\">\n                      <label class=\"nouhotel-date-from\" for=\"date_from\"><\/label><span class=\"date-value\">Datum ausw\u00e4hlen<\/span><input type=\"text\" class=\"search_date\" id=\"date_from\" name=\"date_from\" value=\"\" placeholder=\"Ankommen\"><\/span><\/div><\/div><\/div><\/div><div class=\"field-search-group\"><div class=\"field-group-inner date-block\"><div class=\"field-search right-search\"><div class=\"field-title advanced-header\">ABFLIGEN<\/div><div class=\"search_date_wrapper\">\n                            <span class=\"with-icons search-date search_date_wrapper_date_to is-active\" data-active-0=\"1\" data-title=\"Abfliegen\">\n                            <label class=\"nouhotel-date-to\" for=\"date_to\"><\/label><span class=\"date-value\">Datum ausw\u00e4hlen<\/span><input type=\"text\" class=\"search_date\" id=\"date_to\" name=\"date_to\" value=\"\" placeholder=\"Abfliegen\"><\/span><\/div><\/div><\/div><\/div><div class=\"field-search-group guest\"><div class=\"field-group-inner\"><div class=\"guest-block search_guests_field is-active\"><div class=\"field-title\">Erwachsene<\/div><input type=\"number\" min=\"0\" class=\"select_guests_input_value\" name=\"guests[2]\" value=\"0\"><\/div><\/div><div class=\"field-group-inner\"><div class=\"guest-block search_guests_field is-active\"><div class=\"field-title\">Kinder<\/div><input type=\"number\" min=\"0\" class=\"select_guests_input_value\" name=\"guests[3]\" value=\"0\"><\/div><\/div><\/div>                    <\/div>\n                    <div class=\"submit\">\n                        <button name=\"submit\" class=\"btn button btn-primary btn-search elementor-button\" value=\"1\">\n                            <span>\n                             VERF\u00dcGBARKEIT PR\u00dcFEN                                 <\/span>\n                        <\/button>\n                    <\/div>\n                    <input type=\"hidden\" name=\"request_search_results\" value=\"1\">\n                    <input type=\"hidden\" name=\"search_results_sort_by\" value=\"title_asc\">\n                    \n                <\/div>\n            <\/form>\n        <\/div>\n        \t\t<\/div>\n\t\t\t\t<\/div>\n\t\t<div class=\"elementor-element elementor-element-f51f796 e-flex e-con-boxed e-con e-child\" data-id=\"f51f796\" data-element_type=\"container\" data-settings=\"{&quot;background_background&quot;:&quot;classic&quot;}\">\n\t\t\t\t\t<div class=\"e-con-inner\">\n\t\t\t\t<div class=\"elementor-element elementor-element-83e9e0c elementor-widget elementor-widget-heading\" data-id=\"83e9e0c\" data-element_type=\"widget\" data-widget_type=\"heading.default\">\n\t\t\t\t<div class=\"elementor-widget-container\">\n\t\t\t<style>\/*! elementor - v3.20.0 - 26-03-2024 *\/\n.elementor-heading-title{padding:0;margin:0;line-height:1}.elementor-widget-heading .elementor-heading-title[class*=elementor-size-]>a{color:inherit;font-size:inherit;line-height:inherit}.elementor-widget-heading .elementor-heading-title.elementor-size-small{font-size:15px}.elementor-widget-heading .elementor-heading-title.elementor-size-medium{font-size:19px}.elementor-widget-heading .elementor-heading-title.elementor-size-large{font-size:29px}.elementor-widget-heading .elementor-heading-title.elementor-size-xl{font-size:39px}.elementor-widget-heading .elementor-heading-title.elementor-size-xxl{font-size:59px}<\/style><h6 class=\"elementor-heading-title elementor-size-default\">Beliebte Objekte<\/h6>\t\t<\/div>\n\t\t\t\t<\/div>\n\t\t\t\t<div class=\"elementor-element elementor-element-b24f9f8 elementor-widget elementor-widget-babe-all-items\" data-id=\"b24f9f8\" data-element_type=\"widget\" data-widget_type=\"babe-all-items.default\">\n\t\t\t\t<div class=\"elementor-widget-container\">\n\t\t\t\n\t\t\t\t<div class=\"babe_shortcode_block sc_all_items \">\n\t\t\t\t\t<div class=\"babe_shortcode_block_bg_inner\">\n\t\t\t\t\t\t<div class=\"babe_shortcode_block_inner d-grid\">\n\t\t\t\t\t\t\t\n<div class=\"babe_items babe_items_5 grid-item\">\n    <div class=\"babe_all_items_item_inner\">\n        <div class=\"item_img\">\n            <a class=\"item-thumb\" href=\"https:\/\/makarska-touristik.com\/de\/p\/promajna-apartment-danica-202-a42\/\"><img decoding=\"async\" src=\"https:\/\/makarska-touristik.com\/wp-content\/uploads\/2017\/07\/IMG_9600-740x660.jpg\" alt=\"Promajna Apartment Danica 202 (A4+2)\"><\/a>        <\/div>\n        <div class=\"item_text\">\n            <div class=\"item_title\">\n                <a href=\"https:\/\/makarska-touristik.com\/de\/p\/promajna-apartment-danica-202-a42\/\">Promajna Apartment Danica 202 (A4+2)<\/a>\n            <\/div>\n            <div class=\"item_info_price\">\n                <label>ab<\/label>\n                <span class=\"item_info_price_new\"><span class=\"currency_amount\" data-amount=\"0\">0<span class=\"currency_symbol\">&euro;<\/span><\/span><\/span>\n                  \/ nacht            <\/div>\n        <\/div>\n    <\/div>\n<\/div>\n<div class=\"babe_items babe_items_5 grid-item\">\n    <div class=\"babe_all_items_item_inner\">\n        <div class=\"item_img\">\n            <a class=\"item-thumb\" href=\"https:\/\/makarska-touristik.com\/de\/p\/ferienhaus-makarska-villa-zana-62\/\"><img decoding=\"async\" src=\"https:\/\/makarska-touristik.com\/wp-content\/uploads\/2015\/10\/villa_zana_bazen_01-740x660.jpg\" alt=\"Ferienhaus Makarska Villa \u017dana (A6+2)\"><\/a>        <\/div>\n        <div class=\"item_text\">\n            <div class=\"item_title\">\n                <a href=\"https:\/\/makarska-touristik.com\/de\/p\/ferienhaus-makarska-villa-zana-62\/\">Ferienhaus Makarska Villa \u017dana (A6+2)<\/a>\n            <\/div>\n            <div class=\"item_info_price\">\n                <label>ab<\/label>\n                <span class=\"item_info_price_new\"><span class=\"currency_amount\" data-amount=\"0\">0<span class=\"currency_symbol\">&euro;<\/span><\/span><\/span>\n                  \/ nacht            <\/div>\n        <\/div>\n    <\/div>\n<\/div>\n<div class=\"babe_items babe_items_5 grid-item\">\n    <div class=\"babe_all_items_item_inner\">\n        <div class=\"item_img\">\n            <a class=\"item-thumb\" href=\"https:\/\/makarska-touristik.com\/de\/p\/villa-mt-brela-zimmer\/\"><img decoding=\"async\" src=\"https:\/\/makarska-touristik.com\/wp-content\/uploads\/2021\/07\/Villa-MT-Brela-room-1-740x660.jpg\" alt=\"Villa MT Brela zimmer\"><\/a>        <\/div>\n        <div class=\"item_text\">\n            <div class=\"item_title\">\n                <a href=\"https:\/\/makarska-touristik.com\/de\/p\/villa-mt-brela-zimmer\/\">Villa MT Brela zimmer<\/a>\n            <\/div>\n            <div class=\"item_info_price\">\n                <label>ab<\/label>\n                <span class=\"item_info_price_new\"><span class=\"currency_amount\" data-amount=\"0\">0<span class=\"currency_symbol\">&euro;<\/span><\/span><\/span>\n                  \/ nacht            <\/div>\n        <\/div>\n    <\/div>\n<\/div>\n<div class=\"babe_items babe_items_5 grid-item\">\n    <div class=\"babe_all_items_item_inner\">\n        <div class=\"item_img\">\n            <a class=\"item-thumb\" href=\"https:\/\/makarska-touristik.com\/de\/p\/villa-rogac-3\/\"><img decoding=\"async\" src=\"https:\/\/makarska-touristik.com\/wp-content\/uploads\/2025\/01\/2-740x660.jpg\" alt=\"Villa Roga\u010d 3\"><\/a>        <\/div>\n        <div class=\"item_text\">\n            <div class=\"item_title\">\n                <a href=\"https:\/\/makarska-touristik.com\/de\/p\/villa-rogac-3\/\">Villa Roga\u010d 3<\/a>\n            <\/div>\n            <div class=\"item_info_price\">\n                <label>ab<\/label>\n                <span class=\"item_info_price_new\"><span class=\"currency_amount\" data-amount=\"0\">0<span class=\"currency_symbol\">&euro;<\/span><\/span><\/span>\n                  \/ nacht            <\/div>\n        <\/div>\n    <\/div>\n<\/div>\n\t\t\t\t\t\t<\/div>\n\t\t\t\t\t<\/div>\n\t\t\t\t<\/div>\n\t\t\t        \t\t<\/div>\n\t\t\t\t<\/div>\n\t\t\t\t\t<\/div>\n\t\t\t\t<\/div>\n\t\t\t\t<\/div>\n\t\t\t\t<\/div>\n\t\t\t\t\t<\/div>\n\t\t\t\t<\/div>\n\t\t\t\t<\/div>\n\t\t","protected":false},"excerpt":{"rendered":"<p>Reservierung ANKOMMEN Datum ausw\u00e4hlenABFLIGEN Datum ausw\u00e4hlenErwachseneKinder VERF\u00dcGBARKEIT PR\u00dcFEN Beliebte Objekte Promajna Apartment Leone Erceg 2 (A4+2) aus 0.00&euro; \/ nacht Promajna Apartment Danica 003 (A4) aus 0.00&euro; \/ nacht Promajna Apartment Danica 002 (A4+1) aus 0.00&euro; \/ nacht Promajna Apartment Danica 203 (A4+2) aus 0.00&euro; \/ nacht<\/p>\n","protected":false},"author":1,"featured_media":0,"parent":0,"menu_order":0,"comment_status":"closed","ping_status":"closed","template":"template-homepage.php","meta":{"footnotes":""},"yoast_head":"<!-- This site is optimized with the Yoast SEO plugin v23.1 - https:\/\/yoast.com\/wordpress\/plugins\/seo\/ -->\n<title>Suchergebnis &#8212; Makarska Touristik<\/title>\n<meta name=\"robots\" content=\"index, follow, max-snippet:-1, max-image-preview:large, max-video-preview:-1\" \/>\n<link rel=\"canonical\" href=\"https:\/\/makarska-touristik.com\/de\/suchergebnis\/\" \/>\n<meta property=\"og:locale\" content=\"de_DE\" \/>\n<meta property=\"og:type\" content=\"article\" \/>\n<meta property=\"og:title\" content=\"Suchergebnis &#8212; Makarska Touristik\" \/>\n<meta property=\"og:description\" content=\"Reservierung ANKOMMEN Datum ausw\u00e4hlenABFLIGEN Datum ausw\u00e4hlenErwachseneKinder VERF\u00dcGBARKEIT PR\u00dcFEN Beliebte Objekte Promajna Apartment Leone Erceg 2 (A4+2) aus 0.00&euro; \/ nacht Promajna Apartment Danica 003 (A4) aus 0.00&euro; \/ nacht Promajna Apartment Danica 002 (A4+1) aus 0.00&euro; \/ nacht Promajna Apartment Danica 203 (A4+2) aus 0.00&euro; \/ nacht\" \/>\n<meta property=\"og:url\" content=\"https:\/\/makarska-touristik.com\/de\/suchergebnis\/\" \/>\n<meta property=\"og:site_name\" content=\"Makarska Touristik\" \/>\n<meta property=\"article:modified_time\" content=\"2024-03-20T08:23:58+00:00\" \/>\n<meta property=\"og:image\" content=\"https:\/\/makarska-touristik.com\/wp-content\/uploads\/2018\/10\/1-1-4-740x660.jpg\" \/>\n<meta name=\"twitter:card\" content=\"summary_large_image\" \/>\n<meta name=\"twitter:label1\" content=\"Gesch\u00e4tzte Lesezeit\" \/>\n\t<meta name=\"twitter:data1\" content=\"22 Minuten\" \/>\n<script type=\"application\/ld+json\" class=\"yoast-schema-graph\">{\"@context\":\"https:\/\/schema.org\",\"@graph\":[{\"@type\":\"WebPage\",\"@id\":\"https:\/\/makarska-touristik.com\/de\/suchergebnis\/\",\"url\":\"https:\/\/makarska-touristik.com\/de\/suchergebnis\/\",\"name\":\"Suchergebnis &#8212; Makarska Touristik\",\"isPartOf\":{\"@id\":\"https:\/\/makarska-touristik.com\/de\/#website\"},\"primaryImageOfPage\":{\"@id\":\"https:\/\/makarska-touristik.com\/de\/suchergebnis\/#primaryimage\"},\"image\":{\"@id\":\"https:\/\/makarska-touristik.com\/de\/suchergebnis\/#primaryimage\"},\"thumbnailUrl\":\"https:\/\/makarska-touristik.com\/wp-content\/uploads\/2018\/10\/1-1-4-740x660.jpg\",\"datePublished\":\"2023-05-31T09:09:30+00:00\",\"dateModified\":\"2024-03-20T08:23:58+00:00\",\"inLanguage\":\"de-DE\",\"potentialAction\":[{\"@type\":\"ReadAction\",\"target\":[\"https:\/\/makarska-touristik.com\/de\/suchergebnis\/\"]}]},{\"@type\":\"ImageObject\",\"inLanguage\":\"de-DE\",\"@id\":\"https:\/\/makarska-touristik.com\/de\/suchergebnis\/#primaryimage\",\"url\":\"https:\/\/makarska-touristik.com\/wp-content\/uploads\/2018\/10\/1-1-4-740x660.jpg\",\"contentUrl\":\"https:\/\/makarska-touristik.com\/wp-content\/uploads\/2018\/10\/1-1-4-740x660.jpg\"},{\"@type\":\"WebSite\",\"@id\":\"https:\/\/makarska-touristik.com\/de\/#website\",\"url\":\"https:\/\/makarska-touristik.com\/de\/\",\"name\":\"Makarska Touristik\",\"description\":\"\",\"publisher\":{\"@id\":\"https:\/\/makarska-touristik.com\/de\/#organization\"},\"potentialAction\":[{\"@type\":\"SearchAction\",\"target\":{\"@type\":\"EntryPoint\",\"urlTemplate\":\"https:\/\/makarska-touristik.com\/de\/?s={search_term_string}\"},\"query-input\":\"required name=search_term_string\"}],\"inLanguage\":\"de-DE\"},{\"@type\":\"Organization\",\"@id\":\"https:\/\/makarska-touristik.com\/de\/#organization\",\"name\":\"Makarska Touristik\",\"url\":\"https:\/\/makarska-touristik.com\/de\/\",\"logo\":{\"@type\":\"ImageObject\",\"inLanguage\":\"de-DE\",\"@id\":\"https:\/\/makarska-touristik.com\/de\/#\/schema\/logo\/image\/\",\"url\":\"https:\/\/makarska-touristik.com\/wp-content\/uploads\/2024\/02\/logo-mt-big-font-600w.png\",\"contentUrl\":\"https:\/\/makarska-touristik.com\/wp-content\/uploads\/2024\/02\/logo-mt-big-font-600w.png\",\"width\":600,\"height\":79,\"caption\":\"Makarska Touristik\"},\"image\":{\"@id\":\"https:\/\/makarska-touristik.com\/de\/#\/schema\/logo\/image\/\"}}]}<\/script>\n<!-- \/ Yoast SEO plugin. -->","yoast_head_json":{"title":"Suchergebnis &#8212; Makarska Touristik","robots":{"index":"index","follow":"follow","max-snippet":"max-snippet:-1","max-image-preview":"max-image-preview:large","max-video-preview":"max-video-preview:-1"},"canonical":"https:\/\/makarska-touristik.com\/de\/suchergebnis\/","og_locale":"de_DE","og_type":"article","og_title":"Suchergebnis &#8212; Makarska Touristik","og_description":"Reservierung ANKOMMEN Datum ausw\u00e4hlenABFLIGEN Datum ausw\u00e4hlenErwachseneKinder VERF\u00dcGBARKEIT PR\u00dcFEN Beliebte Objekte Promajna Apartment Leone Erceg 2 (A4+2) aus 0.00&euro; \/ nacht Promajna Apartment Danica 003 (A4) aus 0.00&euro; \/ nacht Promajna Apartment Danica 002 (A4+1) aus 0.00&euro; \/ nacht Promajna Apartment Danica 203 (A4+2) aus 0.00&euro; \/ nacht","og_url":"https:\/\/makarska-touristik.com\/de\/suchergebnis\/","og_site_name":"Makarska Touristik","article_modified_time":"2024-03-20T08:23:58+00:00","og_image":[{"url":"https:\/\/makarska-touristik.com\/wp-content\/uploads\/2018\/10\/1-1-4-740x660.jpg"}],"twitter_card":"summary_large_image","twitter_misc":{"Gesch\u00e4tzte Lesezeit":"22 Minuten"},"schema":{"@context":"https:\/\/schema.org","@graph":[{"@type":"WebPage","@id":"https:\/\/makarska-touristik.com\/de\/suchergebnis\/","url":"https:\/\/makarska-touristik.com\/de\/suchergebnis\/","name":"Suchergebnis &#8212; Makarska Touristik","isPartOf":{"@id":"https:\/\/makarska-touristik.com\/de\/#website"},"primaryImageOfPage":{"@id":"https:\/\/makarska-touristik.com\/de\/suchergebnis\/#primaryimage"},"image":{"@id":"https:\/\/makarska-touristik.com\/de\/suchergebnis\/#primaryimage"},"thumbnailUrl":"https:\/\/makarska-touristik.com\/wp-content\/uploads\/2018\/10\/1-1-4-740x660.jpg","datePublished":"2023-05-31T09:09:30+00:00","dateModified":"2024-03-20T08:23:58+00:00","inLanguage":"de-DE","potentialAction":[{"@type":"ReadAction","target":["https:\/\/makarska-touristik.com\/de\/suchergebnis\/"]}]},{"@type":"ImageObject","inLanguage":"de-DE","@id":"https:\/\/makarska-touristik.com\/de\/suchergebnis\/#primaryimage","url":"https:\/\/makarska-touristik.com\/wp-content\/uploads\/2018\/10\/1-1-4-740x660.jpg","contentUrl":"https:\/\/makarska-touristik.com\/wp-content\/uploads\/2018\/10\/1-1-4-740x660.jpg"},{"@type":"WebSite","@id":"https:\/\/makarska-touristik.com\/de\/#website","url":"https:\/\/makarska-touristik.com\/de\/","name":"Makarska Touristik","description":"","publisher":{"@id":"https:\/\/makarska-touristik.com\/de\/#organization"},"potentialAction":[{"@type":"SearchAction","target":{"@type":"EntryPoint","urlTemplate":"https:\/\/makarska-touristik.com\/de\/?s={search_term_string}"},"query-input":"required name=search_term_string"}],"inLanguage":"de-DE"},{"@type":"Organization","@id":"https:\/\/makarska-touristik.com\/de\/#organization","name":"Makarska Touristik","url":"https:\/\/makarska-touristik.com\/de\/","logo":{"@type":"ImageObject","inLanguage":"de-DE","@id":"https:\/\/makarska-touristik.com\/de\/#\/schema\/logo\/image\/","url":"https:\/\/makarska-touristik.com\/wp-content\/uploads\/2024\/02\/logo-mt-big-font-600w.png","contentUrl":"https:\/\/makarska-touristik.com\/wp-content\/uploads\/2024\/02\/logo-mt-big-font-600w.png","width":600,"height":79,"caption":"Makarska Touristik"},"image":{"@id":"https:\/\/makarska-touristik.com\/de\/#\/schema\/logo\/image\/"}}]}},"_links":{"self":[{"href":"https:\/\/makarska-touristik.com\/de\/wp-json\/wp\/v2\/pages\/1853"}],"collection":[{"href":"https:\/\/makarska-touristik.com\/de\/wp-json\/wp\/v2\/pages"}],"about":[{"href":"https:\/\/makarska-touristik.com\/de\/wp-json\/wp\/v2\/types\/page"}],"author":[{"embeddable":true,"href":"https:\/\/makarska-touristik.com\/de\/wp-json\/wp\/v2\/users\/1"}],"replies":[{"embeddable":true,"href":"https:\/\/makarska-touristik.com\/de\/wp-json\/wp\/v2\/comments?post=1853"}],"version-history":[{"count":8,"href":"https:\/\/makarska-touristik.com\/de\/wp-json\/wp\/v2\/pages\/1853\/revisions"}],"predecessor-version":[{"id":199778,"href":"https:\/\/makarska-touristik.com\/de\/wp-json\/wp\/v2\/pages\/1853\/revisions\/199778"}],"wp:attachment":[{"href":"https:\/\/makarska-touristik.com\/de\/wp-json\/wp\/v2\/media?parent=1853"}],"curies":[{"name":"wp","href":"https:\/\/api.w.org\/{rel}","templated":true}]}}