{"id":199892,"date":"2024-03-20T14:14:41","date_gmt":"2024-03-20T14:14:41","guid":{"rendered":"https:\/\/makarska-touristik.com\/?page_id=199892"},"modified":"2024-04-19T10:45:43","modified_gmt":"2024-04-19T10:45:43","slug":"rechtlich","status":"publish","type":"page","link":"https:\/\/makarska-touristik.com\/de\/rechtlich\/","title":{"rendered":"RECHTLICH"},"content":{"rendered":"<div>\n<h1 class=\"listing-title\">RECHTLICH<\/h1>\n<p><strong>Makarska Touristik d.o.o. Reiseb\u00fcro<\/strong><\/p>\n<\/div>\n<div>\n<div><\/div>\n<div><strong>Arbeitszeit: 08:00 \u2013 21:00 Uhr jeden Tag<\/strong><\/div>\n<div><\/div>\n<div><strong>OIB<\/strong>: 80362383719<\/div>\n<div><strong>MBS<\/strong>: 060360798<\/div>\n<div><\/div>\n<div>Handelsgericht in Split<\/div>\n<div>Zust\u00e4ndige Stelle:<\/div>\n<div>Touristeninspektion des Ministeriums f\u00fcr Tourismus, Makarska<\/div>\n<div><\/div>\n<div>Gesch\u00e4ftsf\u00fchrer: Kristijan Dugand\u017ei\u0107 und Mateo Kvesi\u0107<\/div>\n<\/div>\n","protected":false},"excerpt":{"rendered":"<p>RECHTLICH Makarska Touristik d.o.o. Reiseb\u00fcro Arbeitszeit: 08:00 \u2013 21:00 Uhr jeden Tag OIB: 80362383719 MBS: 060360798 Handelsgericht in Split Zust\u00e4ndige Stelle: Touristeninspektion des Ministeriums f\u00fcr Tourismus, Makarska Gesch\u00e4ftsf\u00fchrer: Kristijan Dugand\u017ei\u0107 und Mateo Kvesi\u0107<\/p>\n","protected":false},"author":4,"featured_media":0,"parent":0,"menu_order":0,"comment_status":"closed","ping_status":"closed","template":"","meta":{"footnotes":""},"yoast_head":"<!-- This site is optimized with the Yoast SEO plugin v23.1 - https:\/\/yoast.com\/wordpress\/plugins\/seo\/ -->\n<title>RECHTLICH &#8212; Makarska Touristik<\/title>\n<meta name=\"robots\" content=\"index, follow, max-snippet:-1, max-image-preview:large, max-video-preview:-1\" \/>\n<link rel=\"canonical\" href=\"https:\/\/makarska-touristik.com\/de\/rechtlich\/\" \/>\n<meta property=\"og:locale\" content=\"de_DE\" \/>\n<meta property=\"og:type\" content=\"article\" \/>\n<meta property=\"og:title\" content=\"RECHTLICH &#8212; Makarska Touristik\" \/>\n<meta property=\"og:description\" content=\"RECHTLICH Makarska Touristik d.o.o. Reiseb\u00fcro Arbeitszeit: 08:00 \u2013 21:00 Uhr jeden Tag OIB: 80362383719 MBS: 060360798 Handelsgericht in Split Zust\u00e4ndige Stelle: Touristeninspektion des Ministeriums f\u00fcr Tourismus, Makarska Gesch\u00e4ftsf\u00fchrer: Kristijan Dugand\u017ei\u0107 und Mateo Kvesi\u0107\" \/>\n<meta property=\"og:url\" content=\"https:\/\/makarska-touristik.com\/de\/rechtlich\/\" \/>\n<meta property=\"og:site_name\" content=\"Makarska Touristik\" \/>\n<meta property=\"article:modified_time\" content=\"2024-04-19T10:45:43+00:00\" \/>\n<meta property=\"og:image\" content=\"https:\/\/makarska-touristik.com\/wp-content\/uploads\/2024\/03\/facebook-share.jpg\" \/>\n\t<meta property=\"og:image:width\" content=\"1260\" \/>\n\t<meta property=\"og:image:height\" content=\"800\" \/>\n\t<meta property=\"og:image:type\" content=\"image\/jpeg\" \/>\n<meta name=\"twitter:card\" content=\"summary_large_image\" \/>\n<meta name=\"twitter:label1\" content=\"Gesch\u00e4tzte Lesezeit\" \/>\n\t<meta name=\"twitter:data1\" content=\"1 Minute\" \/>\n<script type=\"application\/ld+json\" class=\"yoast-schema-graph\">{\"@context\":\"https:\/\/schema.org\",\"@graph\":[{\"@type\":\"WebPage\",\"@id\":\"https:\/\/makarska-touristik.com\/de\/rechtlich\/\",\"url\":\"https:\/\/makarska-touristik.com\/de\/rechtlich\/\",\"name\":\"RECHTLICH &#8212; Makarska Touristik\",\"isPartOf\":{\"@id\":\"https:\/\/makarska-touristik.com\/de\/#website\"},\"datePublished\":\"2024-03-20T14:14:41+00:00\",\"dateModified\":\"2024-04-19T10:45:43+00:00\",\"inLanguage\":\"de-DE\",\"potentialAction\":[{\"@type\":\"ReadAction\",\"target\":[\"https:\/\/makarska-touristik.com\/de\/rechtlich\/\"]}]},{\"@type\":\"WebSite\",\"@id\":\"https:\/\/makarska-touristik.com\/de\/#website\",\"url\":\"https:\/\/makarska-touristik.com\/de\/\",\"name\":\"Makarska Touristik\",\"description\":\"\",\"publisher\":{\"@id\":\"https:\/\/makarska-touristik.com\/de\/#organization\"},\"potentialAction\":[{\"@type\":\"SearchAction\",\"target\":{\"@type\":\"EntryPoint\",\"urlTemplate\":\"https:\/\/makarska-touristik.com\/de\/?s={search_term_string}\"},\"query-input\":\"required name=search_term_string\"}],\"inLanguage\":\"de-DE\"},{\"@type\":\"Organization\",\"@id\":\"https:\/\/makarska-touristik.com\/de\/#organization\",\"name\":\"Makarska Touristik\",\"url\":\"https:\/\/makarska-touristik.com\/de\/\",\"logo\":{\"@type\":\"ImageObject\",\"inLanguage\":\"de-DE\",\"@id\":\"https:\/\/makarska-touristik.com\/de\/#\/schema\/logo\/image\/\",\"url\":\"https:\/\/makarska-touristik.com\/wp-content\/uploads\/2024\/02\/logo-mt-big-font-600w.png\",\"contentUrl\":\"https:\/\/makarska-touristik.com\/wp-content\/uploads\/2024\/02\/logo-mt-big-font-600w.png\",\"width\":600,\"height\":79,\"caption\":\"Makarska Touristik\"},\"image\":{\"@id\":\"https:\/\/makarska-touristik.com\/de\/#\/schema\/logo\/image\/\"}}]}<\/script>\n<!-- \/ Yoast SEO plugin. -->","yoast_head_json":{"title":"RECHTLICH &#8212; Makarska Touristik","robots":{"index":"index","follow":"follow","max-snippet":"max-snippet:-1","max-image-preview":"max-image-preview:large","max-video-preview":"max-video-preview:-1"},"canonical":"https:\/\/makarska-touristik.com\/de\/rechtlich\/","og_locale":"de_DE","og_type":"article","og_title":"RECHTLICH &#8212; Makarska Touristik","og_description":"RECHTLICH Makarska Touristik d.o.o. Reiseb\u00fcro Arbeitszeit: 08:00 \u2013 21:00 Uhr jeden Tag OIB: 80362383719 MBS: 060360798 Handelsgericht in Split Zust\u00e4ndige Stelle: Touristeninspektion des Ministeriums f\u00fcr Tourismus, Makarska Gesch\u00e4ftsf\u00fchrer: Kristijan Dugand\u017ei\u0107 und Mateo Kvesi\u0107","og_url":"https:\/\/makarska-touristik.com\/de\/rechtlich\/","og_site_name":"Makarska Touristik","article_modified_time":"2024-04-19T10:45:43+00:00","og_image":[{"width":1260,"height":800,"url":"https:\/\/makarska-touristik.com\/wp-content\/uploads\/2024\/03\/facebook-share.jpg","type":"image\/jpeg"}],"twitter_card":"summary_large_image","twitter_misc":{"Gesch\u00e4tzte Lesezeit":"1 Minute"},"schema":{"@context":"https:\/\/schema.org","@graph":[{"@type":"WebPage","@id":"https:\/\/makarska-touristik.com\/de\/rechtlich\/","url":"https:\/\/makarska-touristik.com\/de\/rechtlich\/","name":"RECHTLICH &#8212; Makarska Touristik","isPartOf":{"@id":"https:\/\/makarska-touristik.com\/de\/#website"},"datePublished":"2024-03-20T14:14:41+00:00","dateModified":"2024-04-19T10:45:43+00:00","inLanguage":"de-DE","potentialAction":[{"@type":"ReadAction","target":["https:\/\/makarska-touristik.com\/de\/rechtlich\/"]}]},{"@type":"WebSite","@id":"https:\/\/makarska-touristik.com\/de\/#website","url":"https:\/\/makarska-touristik.com\/de\/","name":"Makarska Touristik","description":"","publisher":{"@id":"https:\/\/makarska-touristik.com\/de\/#organization"},"potentialAction":[{"@type":"SearchAction","target":{"@type":"EntryPoint","urlTemplate":"https:\/\/makarska-touristik.com\/de\/?s={search_term_string}"},"query-input":"required name=search_term_string"}],"inLanguage":"de-DE"},{"@type":"Organization","@id":"https:\/\/makarska-touristik.com\/de\/#organization","name":"Makarska Touristik","url":"https:\/\/makarska-touristik.com\/de\/","logo":{"@type":"ImageObject","inLanguage":"de-DE","@id":"https:\/\/makarska-touristik.com\/de\/#\/schema\/logo\/image\/","url":"https:\/\/makarska-touristik.com\/wp-content\/uploads\/2024\/02\/logo-mt-big-font-600w.png","contentUrl":"https:\/\/makarska-touristik.com\/wp-content\/uploads\/2024\/02\/logo-mt-big-font-600w.png","width":600,"height":79,"caption":"Makarska Touristik"},"image":{"@id":"https:\/\/makarska-touristik.com\/de\/#\/schema\/logo\/image\/"}}]}},"_links":{"self":[{"href":"https:\/\/makarska-touristik.com\/de\/wp-json\/wp\/v2\/pages\/199892"}],"collection":[{"href":"https:\/\/makarska-touristik.com\/de\/wp-json\/wp\/v2\/pages"}],"about":[{"href":"https:\/\/makarska-touristik.com\/de\/wp-json\/wp\/v2\/types\/page"}],"author":[{"embeddable":true,"href":"https:\/\/makarska-touristik.com\/de\/wp-json\/wp\/v2\/users\/4"}],"replies":[{"embeddable":true,"href":"https:\/\/makarska-touristik.com\/de\/wp-json\/wp\/v2\/comments?post=199892"}],"version-history":[{"count":6,"href":"https:\/\/makarska-touristik.com\/de\/wp-json\/wp\/v2\/pages\/199892\/revisions"}],"predecessor-version":[{"id":205580,"href":"https:\/\/makarska-touristik.com\/de\/wp-json\/wp\/v2\/pages\/199892\/revisions\/205580"}],"wp:attachment":[{"href":"https:\/\/makarska-touristik.com\/de\/wp-json\/wp\/v2\/media?parent=199892"}],"curies":[{"name":"wp","href":"https:\/\/api.w.org\/{rel}","templated":true}]}}