{"id":199928,"date":"2024-03-20T14:43:22","date_gmt":"2024-03-20T14:43:22","guid":{"rendered":"https:\/\/makarska-touristik.com\/?page_id=199928"},"modified":"2024-04-19T10:18:06","modified_gmt":"2024-04-19T10:18:06","slug":"datenschutz-grundverordnung","status":"publish","type":"page","link":"https:\/\/makarska-touristik.com\/de\/datenschutz-grundverordnung\/","title":{"rendered":"DATENSCHUTZ-GRUNDVERORDNUNG"},"content":{"rendered":"<h1>DATENSCHUTZ-GRUNDVERORDNUNG<\/h1>\n<p>&nbsp;<\/p>\n<p>Nachstehend finden Sie Makarska Touristiks Politik zu personenbezogener Daten, die Informationen dar\u00fcber enth\u00e4lt, wie Makarska Touristik personenbezogene Daten erfasst, verwendet, teilt und sch\u00fctzt.<\/p>\n<h5>1. Verantwortung f\u00fcr Ihre personenbezogenen Daten<\/h5>\n<p><a href=\"https:\/\/makarska-touristik.com\/\"><strong>www.makarska-touristik.com<\/strong><\/a> sowie sonstige Makarska Touristik Websites und Kataloge sind Eigentum von und werden gepflegt von MAKARSKA TOURISTIK d.o.o.<br \/>\nJede Anfrage bez\u00fcglich des Datenschutzes kann schriftlich an folgende E-Mail-Adresse gerichtet werden:<br \/>\n<strong><a href=\"mailto:info@makarska-touristik.com\">info@makarska-touristik.com<\/a><\/strong><br \/>\nMAKARSKA TOURISTIK d.o.o. ist verantwortlich f\u00fcr die korrekte Verarbeitung der personenbezogenen Daten, die Sie MAKARSKA TOURISTIK d.o.o. schicken. MAKARSKA TOURISTIK d.o.o. speichert und verarbeitet Ihre personenbezogenen Daten gem\u00e4\u00df den Gesetzen im Bereich Datenschutz und Privatsph\u00e4re.<\/p>\n<h5>2. Informationen, die erfasst und verarbeitet werden<\/h5>\n<p>Informationen \u00fcber den Mieter:<\/p>\n<p>Wenn Sie die Anmietung eines Ferienhauses bei MAKARSKA TOURISTIK d.o.o. bestellen, verarbeiten wir die personenbezogenen Daten, die Sie im Zusammenhang mit Ihrer Buchung angegeben haben. Typischerweise sind dies Ihr Name, Ihre Adresse, Ihre Telefonnummer, evtl. eine E-Mail-Adresse und Zahlungsinformationen.<\/p>\n<p>Informationen \u00fcber den Hauseigent\u00fcmer:<\/p>\n<p>Wenn Sie sich daf\u00fcr entscheiden, Ihr Ferienhaus \u00fcber einen Vermittlungsvertrag mit MAKARSKA TOURISTIK d.o.o. zu vermieten, verarbeitet MAKARSKA TOURISTIK d.o.o. die personenbezogenen Daten, die Sie im Zusammenhang mit dem Vertragsschluss angegeben haben. Typischerweise sind dies Ihr Name, Ihre Adresse, Ihre Telefonnummer, evtl. eine E-Mail-Adresse, Bankkontoinformationen und Informationen \u00fcber Ihr Ferienhaus.<\/p>\n<p>Allgemein:<\/p>\n<p>Wenn Sie die Homepage von MAKARSKA TOURISTIK d.o.o. nutzen, erfassen wir via Cookies Daten \u00fcber Ihre Nutzung der Homepage. Weitere Informationen zu Cookies und wie wir diese verwenden, finden Sie unter MAKARSKA TOURISTIK d.o.o.s Cookie-Politik.<\/p>\n<h5>3. Zweck der Verarbeitung personenbezogener Daten<\/h5>\n<p>Die personenbezogenen Daten, die Sie MAKARSKA TOURISTIK d.o.o. mitteilen, k\u00f6nnen je nach Ihrer Beziehung zu MAKARSKA TOURISTIK d.o.o. f\u00fcr verschiedene Zwecke verwendet werden, zum Beispiel:<\/p>\n<p>\u2022 um Ihre Buchung durchzuf\u00fchren, wenn Sie eine Buchung bei MAKARSKA TOURISTIK d.o.o. vornehmen<br \/>\n\u2022 um MAKARSKA TOURISTIK d.o.o. Verpflichtungen im Zusammenhang mit dem Vermittlungsvertrag zu erf\u00fcllen, wenn Sie Ihr Ferienhaus \u00fcber MAKARSKA TOURISTIK d.o.o. vermieten<br \/>\n\u2022 zu statistischen Zwecken, um das Vermieten zu optimieren und MAKARSKA TOURISTIK d.o.o.s Service f\u00fcr Sie zu verbessern<br \/>\n\u2022 um wiederholte Besuche auf MAKARSKA TOURISTIK d.o.o.s Homepage pers\u00f6nlicher zu gestalten<br \/>\n\u2022 um Sie \u00fcber Angebote und andere Leistungen zu informieren, von denen MAKARSKA TOURISTIK d.o.o. glaubt, dass sie f\u00fcr Sie von Interesse sind<br \/>\n\u2022 um Nachfragen beim Kundenservice zu bearbeiten, und<br \/>\n\u2022 um Ihnen Informationen zu schicken, um die Sie gebeten haben.<\/p>\n<h4>4. Rechtsgrundlage f\u00fcr die Verarbeitung personenbezogener Daten<\/h4>\n<p>Wenn Sie ein Ferienhaus \u00fcber MAKARSKA TOURISTIK d.o.o. bestellen oder einen Vermittlungsvertrag mit Makarska Touristik schlie\u00dfen, erhalten Sie spezielle Informationen dar\u00fcber, auf welcher Rechtsgrundlage die Verarbeitung Ihrer personenbezogenen Daten erfolgt.<br \/>\nWir verarbeiten personenbezogene Daten auf der Basis einer der folgenden gesetzlichen Rechtsgrundlagen:<br \/>\nErf\u00fcllung eines Vertrags<\/p>\n<p>Mit dem Mieter:<\/p>\n<p>Wenn Sie ein Ferienhaus \u00fcber MAKARSKA TOURISTIK d.o.o. bestellen, verarbeitet MAKARSKA TOURISTIK d.o.o. die personenbezogenen Daten, die Sie bei Ihrer Buchung angeben, weil dies notwendig ist, um Ihre Buchung durchf\u00fchren und den Mietvertrag erf\u00fcllen zu k\u00f6nnen. Sofern Sie zur Angabe dieser Informationen nicht bereit sind, k\u00f6nnen wir Ihre Buchung nicht durchf\u00fchren.<\/p>\n<p>Mit dem Hauseigent\u00fcmer:<\/p>\n<p>Wenn Sie mit MAKARSKA TOURISTIK d.o.o. einen Vermittlungsvertrag schlie\u00dfen, verarbeitet MAKARSKA TOURISTIK d.o.o. die personenbezogenen Daten, die Sie im Zusammenhang mit dem Abschluss dieses Vertrags angeben, sowie Informationen \u00fcber Ihr Ferienhaus, weil dies notwendig ist, um das Vermieten durchf\u00fchren und optimieren und MAKARSKA TOURISTIK d.o.o. vertragliche Verpflichtungen erf\u00fcllen zu k\u00f6nnen. Sofern Sie zur Angabe dieser Informationen nicht bereit sind, kann MAKARSKA TOURISTIK d.o.o. seine vertraglichen Verpflichtungen nicht erf\u00fcllen.<\/p>\n<p>Legitimes Interesse<\/p>\n<p>Mieter:<\/p>\n<p>Wenn Sie ein Ferienhaus \u00fcber MAKARSKA TOURISTIK d.o.o. bestellen, verarbeitet MAKARSKA TOURISTIK d.o.o. die personenbezogenen Daten, die Sie bei Ihrer Buchung angeben, weil MAKARSKA TOURISTIK d.o.o. Sie gerne mit guten Angeboten kontaktieren m\u00f6chte. Diese Verarbeitung Ihrer personenbezogenen Daten erfolgt auf der Basis des legitimen Interesses von MAKARSKA TOURISTIK d.o.o., den Kontakt mit Ihnen aufrechtzuerhalten, in der Hoffnung, dass Sie in Zukunft ein Ferienhaus \u00fcber MAKARSKA TOURISTIK d.o.o. anmieten. Sie k\u00f6nnen daher davon ausgehen, dass Makarska Touristik Sie laufend mit Angeboten kontaktiert.<\/p>\n<p>Hauseigent\u00fcmer:<\/p>\n<p>Wenn Sie mit MAKARSKA TOURISTIK d.o.o. einen Vermittlungsvertrag schlie\u00dfen, verarbeitet MAKARSKA TOURISTIK d.o.o. die personenbezogenen Daten, die Sie im Zusammenhang mit dem Abschluss dieses Vertrags angeben, weil MAKARSKA TOURISTIK d.o.o. Sie nach Ablauf des Vermittlungsvertrags gern mit Angeboten zur Wiederaufnahme der Zusammenarbeit mit MAKARSKA TOURISTIK d.o.o. kontaktieren m\u00f6chte. Diese Verarbeitung Ihrer personenbezogenen Daten erfolgt auf der Basis des legitimen Interesses von MAKARSKA TOURISTIK d.o.o., den Kontakt mit Ihnen aufrechtzuerhalten und damit die M\u00f6glichkeit zu steigern, die Zusammenarbeit mit MAKARSKA TOURISTIK d.o.o. wieder aufnehmen zu k\u00f6nnen. Sie k\u00f6nnen daher davon ausgehen, dass MAKARSKA TOURISTIK d.o.o. Sie nach Ablauf des Vermittlungsvertrags mit Angeboten und Informationen kontaktiert, die f\u00fcr Sie im Zusammenhang mit einer Stellungnahme zur Wiederaufnahme der Vermietung \u00fcber MAKARSKA TOURISTIK d.o.o. relevant sind.<\/p>\n<p>Sie haben jederzeit das Recht, von MAKARSKA TOURISTIK d.o.o. die Einstellung des Versands von Werbematerial an Sie zu verlangen. Dies k\u00f6nnen Sie durch eine E-Mail an folgende E-Mail-Adresse tun: <strong><a href=\"mailto:info@makarska-touristik.com\">info@makarska-touristik.com<\/a><\/strong><\/p>\n<p>Allgemein:<\/p>\n<p>MAKARSKA TOURISTIK d.o.o. verwendet einige personenbezogene Daten zu statistischen Zwecken, um MAKARSKA TOURISTIK d.o.o.s Service gegen\u00fcber Ihnen zu optimieren. Diese Verarbeitungen erfolgen auf der Basis des Interesses von MAKARSKA TOURISTIK d.o.o., den bestm\u00f6glichen Service zu erbringen.<br \/>\nMAKARSKA TOURISTIK d.o.o. gibt bisweilen verschl\u00fcsselte E-Mail-Adressen u. a. an Facebook und Google weiter, damit sie im Namen von MAKARSKA TOURISTIK d.o.o. Interesse f\u00fcr MAKARSKA TOURISTIK d.o.o.s Produkte, Leistungen und Konzepte wecken k\u00f6nnen und Nutzer zum Besuch von MAKARSKA TOURISTIK d.o.o.s Homepage anregen. MAKARSKA TOURISTIK d.o.o. nutzt seine Kundendaten ebenfalls f\u00fcr Bewertungsseiten im Internet, u. a. Trustpilot, und es kann daher vorkommen, dass Sie eine Nachricht erhalten, mit der MAKARSKA TOURISTIK d.o.o. Sie um Ihre Anmerkungen im Zusammenhang mit Ihrem Aufenthalt im Ferienhaus und\/oder den Leistungen bittet, die Sie von MAKARSKA TOURISTIK d.o.o. erhalten haben. Diese Verarbeitungen erfolgen auf der Basis des Interesses von MAKARSKA TOURISTIK d.o.o., MAKARSKA TOURISTIK d.o.o.s Marketing zielgerichtet zu organisieren und den bestm\u00f6glichen Service zu erbringen.<br \/>\nSie haben jederzeit das Recht, gegen die Verarbeitung Ihrer personenbezogenen Daten zu obigen Zwecken Einspruch zu erheben. Dies k\u00f6nnen Sie durch eine E-Mail an folgende E-Mail-Adresse tun:<br \/>\n<strong><a href=\"mailto:info@makarska-touristik.com\">info@makarska-touristik.com<\/a><\/strong><\/p>\n<p>Einverst\u00e4ndnis<\/p>\n<p>MAKARSKA TOURISTIK d.o.o. gibt Ihre personenbezogenen Daten nicht an Gesch\u00e4ftspartner weiter, damit diese Sie gesondert mit guten Angeboten etc. kontaktieren k\u00f6nnen, es sei denn, Sie haben hierf\u00fcr gesondert Ihr Einverst\u00e4ndnis erkl\u00e4rt.<\/p>\n<p>Wenn MAKARSKA TOURISTIK d.o.o. Fotos oder Videos von Ihnen f\u00fcr das Marketing verwendet, bittet MAKARSKA TOURISTIK d.o.o. vor der Verwendung um Ihr Einverst\u00e4ndnis hierf\u00fcr.<br \/>\nSie k\u00f6nnen Ihr Einverst\u00e4ndnis immer durch eine E-Mail an folgende E-Mail-Adresse widerrufen: info@makarska-touristik.com<\/p>\n<p>Einhaltung einer rechtlichen Verpflichtung<\/p>\n<p>Wenn durch Gesetze eine rechtliche Verpflichtung zur Verarbeitung festgelegt ist, wird MAKARSKA TOURISTIK d.o.o. die Verarbeitung Ihrer personenbezogenen Daten auch auf der Basis dieser rechtlichen Verpflichtung vornehmen.<\/p>\n<h5>5. Weitergabe von personenbezogenen Daten<\/h5>\n<p>MAKARSKA TOURISTIK d.o.o. gibt in notwendigem Umfang relevante personenbezogene Daten an Vermieter\/Mieter, andere Gesellschaften im MAKARSKA TOURISTIK d.o.o.-Konzern, Gesch\u00e4ftspartner, wie zum Beispiel Reiseb\u00fcros, Vermietungsportale, Kreditkartenfirmen, Versicherungsgesellschaften und Reinigungsfirmen sowie \u00f6ffentliche Beh\u00f6rden im Hinblick darauf weiter, die Vermietung durchf\u00fchren und optimieren und damit MAKARSKA TOURISTIK d.o.o. Verpflichtungen erf\u00fcllen zu k\u00f6nnen, die korrekte und sichere Bezahlung einziehen zu k\u00f6nnen oder in dem Ma\u00df, wie es gem\u00e4\u00df geltender Gesetze erforderlich ist.<br \/>\nWenn Sie Ihr gesondertes Einverst\u00e4ndnis hierzu erteilt haben, gibt MAKARSKA TOURISTIK d.o.o. Ihre personenbezogenen Daten an ausgew\u00e4hlte Gesch\u00e4ftspartner im Hinblick darauf weiter, dass diese Sie gesondert mit guten Angeboten etc. kontaktieren k\u00f6nnen. Sie k\u00f6nnen Ihr Einverst\u00e4ndnis immer durch eine E-Mail an folgende E-Mail-Adresse widerrufen:<br \/>\n<strong><a href=\"mailto:info@makarska-touristik.com\">info@makarska-touristik.com<\/a><\/strong><\/p>\n<p>MAKARSKA TOURISTIK d.o.o. \u00fcbermittelt personenbezogene Daten nur in L\u00e4nder au\u00dferhalb der EU\/des EWR in einem notwendigen Umfang und nur dorthin, wo MAKARSKA TOURISTIK d.o.o. geeignete Garantien f\u00fcr ein angemessenes Schutzniveau sichergestellt hat, entweder weil die Europ\u00e4ische Kommission eine Entscheidung zur Angemessenheit des Schutzniveaus in dem betreffenden Land getroffen hat, oder \u00fcber das sogenannte \u201ePrivacy Shield\u201c-Programm oder \u00fcber von der Europ\u00e4ischen Kommission erlassene Standardbestimmungen zum Datenschutz. N\u00e4here Informationen hierzu k\u00f6nnen Sie anfordern durch eine E-Mail an: <strong><a href=\"mailto:info@makarska-touristik.com\">info@makarska-touristik.com<\/a><\/strong><\/p>\n<h5>6. Zeitraum f\u00fcr die Speicherung personenbezogener Daten<\/h5>\n<p>MAKARSKA TOURISTIK d.o.o. speichert Ihre personenbezogenen Daten nur in dem Zeitraum, in dem dies gem\u00e4\u00df der relevanten Zwecke oder gem\u00e4\u00df geltenden Gesetzen notwendig ist. MAKARSKA TOURISTIK d.o.o. l\u00f6scht Ihre personenbezogenen Daten, wenn deren Speicherung nicht mehr notwendig ist.<\/p>\n<h5>7. Ihre Rechte<\/h5>\n<p>Sie haben das Recht, dar\u00fcber informiert zu werden, welche Daten MAKARSKA TOURISTIK d.o.o. erfasst hat, und Daten \u00e4ndern zu lassen, falls sie unrichtig sind. Sie haben das Recht, eine Kopie der personenbezogenen Daten zu erhalten, die verarbeitet werden.<br \/>\nSie haben das Recht, Ihre personenbezogenen Daten l\u00f6schen zu lassen, wenn die Informationen nicht mehr notwendig sind, um die Zwecke zu erf\u00fcllen, f\u00fcr die sie erfasst worden sind, oder wenn die Verarbeitung unrechtm\u00e4\u00dfig ist.<br \/>\nSie haben das Recht, von MAKARSKA TOURISTIK d.o.o. eine Beschr\u00e4nkung der Verarbeitung Ihrer personenbezogenen Daten zu verlangen.<br \/>\nSie haben das Recht, von MAKARSKA TOURISTIK d.o.o. die Einstellung des Versands von Werbematerial an Sie zu verlangen.<br \/>\nSie haben das Recht, Ihre personenbezogenen Daten in einem strukturierten, \u00fcblicherweise verwendeten und maschinenlesbaren Format zu erhalten und Ihre personenbezogenen Daten an einen anderen Verantwortlichen \u00fcbermitteln zu lassen, wenn dies technisch m\u00f6glich ist.<br \/>\nSie haben das Recht, bei einer Aufsichtsbeh\u00f6rde eine Beschwerde einzureichen.<br \/>\nSie haben das Recht, Ihr Einverst\u00e4ndnis zu widerrufen, wenn MAKARSKA TOURISTIK d.o.o. Ihre personenbezogenen Daten auf der Basis Ihres Einverst\u00e4ndnisses verarbeitet.<br \/>\nJegliche Anfrage zu Ihren Rechten kann per E-Mail an folgende E-Mail-Adresse erfolgen:<br \/>\n<strong><a href=\"mailto:info@makarska-touristik.com\">info@makarska-touristik.com<\/a><\/strong><\/p>\n<h5>8. Andere Homepages<\/h5>\n<p>MAKARSKA TOURISTIK d.o.o. Homepage kann Links zu anderen Homepages enthalten. Diese vorliegende Politik zu personenbezogenen Daten gilt nur f\u00fcr MAKARSKA TOURISTIK d.o.o.s Homepage; wenn Sie also Links zu anderen Homepages nutzen, empfiehlt MAKARSKA TOURISTIK d.o.o. Ihnen, deren Politik zu personenbezogenen Daten zu lesen.<\/p>\n<h5>9. Aktualisierung von Makarska Touristiks Politik zu personenbezogenen Daten<\/h5>\n<p>MAKARSKA TOURISTIK d.o.o. \u00fcberarbeitet seine Politik zu personenbezogenen Daten regelm\u00e4\u00dfig und ver\u00f6ffentlicht alle Aktualisierungen auf der MAKARSKA TOURISTIK d.o.o.- Homepage.<br \/>\nDiese Datenpolitik wurde zuletzt im Mai 2018 aktualisiert.<br \/>\nJegliche Anfrage zum Datenschutz kann per E-Mail an folgende E-Mail-Adresse gerichtet werden:<\/p>\n<p><strong><a href=\"mailto:info@makarska-touristik.com\">info@makarska-touristik.com<\/a><\/strong><\/p>\n","protected":false},"excerpt":{"rendered":"<p>DATENSCHUTZ-GRUNDVERORDNUNG &nbsp; Nachstehend finden Sie Makarska Touristiks Politik zu personenbezogener Daten, die Informationen dar\u00fcber enth\u00e4lt, wie Makarska Touristik personenbezogene Daten erfasst, verwendet, teilt und sch\u00fctzt. 1. Verantwortung f\u00fcr Ihre personenbezogenen Daten www.makarska-touristik.com sowie sonstige Makarska Touristik Websites und Kataloge sind Eigentum von und werden gepflegt von MAKARSKA TOURISTIK d.o.o. Jede Anfrage bez\u00fcglich des Datenschutzes kann [&hellip;]<\/p>\n","protected":false},"author":4,"featured_media":0,"parent":0,"menu_order":0,"comment_status":"closed","ping_status":"closed","template":"","meta":{"footnotes":""},"yoast_head":"<!-- This site is optimized with the Yoast SEO plugin v23.1 - https:\/\/yoast.com\/wordpress\/plugins\/seo\/ -->\n<title>DATENSCHUTZ-GRUNDVERORDNUNG &#8212; Makarska Touristik<\/title>\n<meta name=\"robots\" content=\"index, follow, max-snippet:-1, max-image-preview:large, max-video-preview:-1\" \/>\n<link rel=\"canonical\" href=\"https:\/\/makarska-touristik.com\/de\/datenschutz-grundverordnung\/\" \/>\n<meta property=\"og:locale\" content=\"de_DE\" \/>\n<meta property=\"og:type\" content=\"article\" \/>\n<meta property=\"og:title\" content=\"DATENSCHUTZ-GRUNDVERORDNUNG &#8212; Makarska Touristik\" \/>\n<meta property=\"og:description\" content=\"DATENSCHUTZ-GRUNDVERORDNUNG &nbsp; Nachstehend finden Sie Makarska Touristiks Politik zu personenbezogener Daten, die Informationen dar\u00fcber enth\u00e4lt, wie Makarska Touristik personenbezogene Daten erfasst, verwendet, teilt und sch\u00fctzt. 1. Verantwortung f\u00fcr Ihre personenbezogenen Daten www.makarska-touristik.com sowie sonstige Makarska Touristik Websites und Kataloge sind Eigentum von und werden gepflegt von MAKARSKA TOURISTIK d.o.o. Jede Anfrage bez\u00fcglich des Datenschutzes kann [&hellip;]\" \/>\n<meta property=\"og:url\" content=\"https:\/\/makarska-touristik.com\/de\/datenschutz-grundverordnung\/\" \/>\n<meta property=\"og:site_name\" content=\"Makarska Touristik\" \/>\n<meta property=\"article:modified_time\" content=\"2024-04-19T10:18:06+00:00\" \/>\n<meta property=\"og:image\" content=\"https:\/\/makarska-touristik.com\/wp-content\/uploads\/2024\/03\/facebook-share.jpg\" \/>\n\t<meta property=\"og:image:width\" content=\"1260\" \/>\n\t<meta property=\"og:image:height\" content=\"800\" \/>\n\t<meta property=\"og:image:type\" content=\"image\/jpeg\" \/>\n<meta name=\"twitter:card\" content=\"summary_large_image\" \/>\n<meta name=\"twitter:label1\" content=\"Gesch\u00e4tzte Lesezeit\" \/>\n\t<meta name=\"twitter:data1\" content=\"7 Minuten\" \/>\n<script type=\"application\/ld+json\" class=\"yoast-schema-graph\">{\"@context\":\"https:\/\/schema.org\",\"@graph\":[{\"@type\":\"WebPage\",\"@id\":\"https:\/\/makarska-touristik.com\/de\/datenschutz-grundverordnung\/\",\"url\":\"https:\/\/makarska-touristik.com\/de\/datenschutz-grundverordnung\/\",\"name\":\"DATENSCHUTZ-GRUNDVERORDNUNG &#8212; Makarska Touristik\",\"isPartOf\":{\"@id\":\"https:\/\/makarska-touristik.com\/de\/#website\"},\"datePublished\":\"2024-03-20T14:43:22+00:00\",\"dateModified\":\"2024-04-19T10:18:06+00:00\",\"inLanguage\":\"de-DE\",\"potentialAction\":[{\"@type\":\"ReadAction\",\"target\":[\"https:\/\/makarska-touristik.com\/de\/datenschutz-grundverordnung\/\"]}]},{\"@type\":\"WebSite\",\"@id\":\"https:\/\/makarska-touristik.com\/de\/#website\",\"url\":\"https:\/\/makarska-touristik.com\/de\/\",\"name\":\"Makarska Touristik\",\"description\":\"\",\"publisher\":{\"@id\":\"https:\/\/makarska-touristik.com\/de\/#organization\"},\"potentialAction\":[{\"@type\":\"SearchAction\",\"target\":{\"@type\":\"EntryPoint\",\"urlTemplate\":\"https:\/\/makarska-touristik.com\/de\/?s={search_term_string}\"},\"query-input\":\"required name=search_term_string\"}],\"inLanguage\":\"de-DE\"},{\"@type\":\"Organization\",\"@id\":\"https:\/\/makarska-touristik.com\/de\/#organization\",\"name\":\"Makarska Touristik\",\"url\":\"https:\/\/makarska-touristik.com\/de\/\",\"logo\":{\"@type\":\"ImageObject\",\"inLanguage\":\"de-DE\",\"@id\":\"https:\/\/makarska-touristik.com\/de\/#\/schema\/logo\/image\/\",\"url\":\"https:\/\/makarska-touristik.com\/wp-content\/uploads\/2024\/02\/logo-mt-big-font-600w.png\",\"contentUrl\":\"https:\/\/makarska-touristik.com\/wp-content\/uploads\/2024\/02\/logo-mt-big-font-600w.png\",\"width\":600,\"height\":79,\"caption\":\"Makarska Touristik\"},\"image\":{\"@id\":\"https:\/\/makarska-touristik.com\/de\/#\/schema\/logo\/image\/\"}}]}<\/script>\n<!-- \/ Yoast SEO plugin. -->","yoast_head_json":{"title":"DATENSCHUTZ-GRUNDVERORDNUNG &#8212; Makarska Touristik","robots":{"index":"index","follow":"follow","max-snippet":"max-snippet:-1","max-image-preview":"max-image-preview:large","max-video-preview":"max-video-preview:-1"},"canonical":"https:\/\/makarska-touristik.com\/de\/datenschutz-grundverordnung\/","og_locale":"de_DE","og_type":"article","og_title":"DATENSCHUTZ-GRUNDVERORDNUNG &#8212; Makarska Touristik","og_description":"DATENSCHUTZ-GRUNDVERORDNUNG &nbsp; Nachstehend finden Sie Makarska Touristiks Politik zu personenbezogener Daten, die Informationen dar\u00fcber enth\u00e4lt, wie Makarska Touristik personenbezogene Daten erfasst, verwendet, teilt und sch\u00fctzt. 1. Verantwortung f\u00fcr Ihre personenbezogenen Daten www.makarska-touristik.com sowie sonstige Makarska Touristik Websites und Kataloge sind Eigentum von und werden gepflegt von MAKARSKA TOURISTIK d.o.o. Jede Anfrage bez\u00fcglich des Datenschutzes kann [&hellip;]","og_url":"https:\/\/makarska-touristik.com\/de\/datenschutz-grundverordnung\/","og_site_name":"Makarska Touristik","article_modified_time":"2024-04-19T10:18:06+00:00","og_image":[{"width":1260,"height":800,"url":"https:\/\/makarska-touristik.com\/wp-content\/uploads\/2024\/03\/facebook-share.jpg","type":"image\/jpeg"}],"twitter_card":"summary_large_image","twitter_misc":{"Gesch\u00e4tzte Lesezeit":"7 Minuten"},"schema":{"@context":"https:\/\/schema.org","@graph":[{"@type":"WebPage","@id":"https:\/\/makarska-touristik.com\/de\/datenschutz-grundverordnung\/","url":"https:\/\/makarska-touristik.com\/de\/datenschutz-grundverordnung\/","name":"DATENSCHUTZ-GRUNDVERORDNUNG &#8212; Makarska Touristik","isPartOf":{"@id":"https:\/\/makarska-touristik.com\/de\/#website"},"datePublished":"2024-03-20T14:43:22+00:00","dateModified":"2024-04-19T10:18:06+00:00","inLanguage":"de-DE","potentialAction":[{"@type":"ReadAction","target":["https:\/\/makarska-touristik.com\/de\/datenschutz-grundverordnung\/"]}]},{"@type":"WebSite","@id":"https:\/\/makarska-touristik.com\/de\/#website","url":"https:\/\/makarska-touristik.com\/de\/","name":"Makarska Touristik","description":"","publisher":{"@id":"https:\/\/makarska-touristik.com\/de\/#organization"},"potentialAction":[{"@type":"SearchAction","target":{"@type":"EntryPoint","urlTemplate":"https:\/\/makarska-touristik.com\/de\/?s={search_term_string}"},"query-input":"required name=search_term_string"}],"inLanguage":"de-DE"},{"@type":"Organization","@id":"https:\/\/makarska-touristik.com\/de\/#organization","name":"Makarska Touristik","url":"https:\/\/makarska-touristik.com\/de\/","logo":{"@type":"ImageObject","inLanguage":"de-DE","@id":"https:\/\/makarska-touristik.com\/de\/#\/schema\/logo\/image\/","url":"https:\/\/makarska-touristik.com\/wp-content\/uploads\/2024\/02\/logo-mt-big-font-600w.png","contentUrl":"https:\/\/makarska-touristik.com\/wp-content\/uploads\/2024\/02\/logo-mt-big-font-600w.png","width":600,"height":79,"caption":"Makarska Touristik"},"image":{"@id":"https:\/\/makarska-touristik.com\/de\/#\/schema\/logo\/image\/"}}]}},"_links":{"self":[{"href":"https:\/\/makarska-touristik.com\/de\/wp-json\/wp\/v2\/pages\/199928"}],"collection":[{"href":"https:\/\/makarska-touristik.com\/de\/wp-json\/wp\/v2\/pages"}],"about":[{"href":"https:\/\/makarska-touristik.com\/de\/wp-json\/wp\/v2\/types\/page"}],"author":[{"embeddable":true,"href":"https:\/\/makarska-touristik.com\/de\/wp-json\/wp\/v2\/users\/4"}],"replies":[{"embeddable":true,"href":"https:\/\/makarska-touristik.com\/de\/wp-json\/wp\/v2\/comments?post=199928"}],"version-history":[{"count":8,"href":"https:\/\/makarska-touristik.com\/de\/wp-json\/wp\/v2\/pages\/199928\/revisions"}],"predecessor-version":[{"id":205522,"href":"https:\/\/makarska-touristik.com\/de\/wp-json\/wp\/v2\/pages\/199928\/revisions\/205522"}],"wp:attachment":[{"href":"https:\/\/makarska-touristik.com\/de\/wp-json\/wp\/v2\/media?parent=199928"}],"curies":[{"name":"wp","href":"https:\/\/api.w.org\/{rel}","templated":true}]}}