{"id":130024,"date":"2024-02-26T09:18:23","date_gmt":"2024-02-26T08:18:23","guid":{"rendered":"https:\/\/makarska-touristik.com\/last-minute-kroatien\/"},"modified":"2024-06-12T13:22:12","modified_gmt":"2024-06-12T11:22:12","slug":"last-minute-ponuda","status":"publish","type":"page","link":"https:\/\/makarska-touristik.com\/hr\/last-minute-ponuda\/","title":{"rendered":"Last minute ponuda"},"content":{"rendered":"\t\t<div data-elementor-type=\"wp-page\" data-elementor-id=\"130024\" class=\"elementor elementor-130024 elementor-127896\">\n\t\t\t\t<div class=\"elementor-element elementor-element-70e6a43 e-flex e-con-boxed e-con e-parent\" data-id=\"70e6a43\" data-element_type=\"container\" data-core-v316-plus=\"true\">\n\t\t\t\t\t<div class=\"e-con-inner\">\n\t\t\t\t<div class=\"elementor-element elementor-element-fca2891 elementor-widget elementor-widget-text-editor\" data-id=\"fca2891\" data-element_type=\"widget\" data-widget_type=\"text-editor.default\">\n\t\t\t\t<div class=\"elementor-widget-container\">\n\t\t\t<style>\/*! elementor - v3.20.0 - 26-03-2024 *\/\n.elementor-widget-text-editor.elementor-drop-cap-view-stacked .elementor-drop-cap{background-color:#69727d;color:#fff}.elementor-widget-text-editor.elementor-drop-cap-view-framed .elementor-drop-cap{color:#69727d;border:3px solid;background-color:transparent}.elementor-widget-text-editor:not(.elementor-drop-cap-view-default) .elementor-drop-cap{margin-top:8px}.elementor-widget-text-editor:not(.elementor-drop-cap-view-default) .elementor-drop-cap-letter{width:1em;height:1em}.elementor-widget-text-editor .elementor-drop-cap{float:left;text-align:center;line-height:1;font-size:50px}.elementor-widget-text-editor .elementor-drop-cap-letter{display:inline-block}<\/style>\t\t\t\t<div class=\"vc_row wpb_row vc_row-fluid\"><div class=\"wpb_column vc_column_container vc_col-sm-12\"><div class=\"vc_column-inner\"><div class=\"wpb_wrapper\"><div class=\"wpb_text_column wpb_content_element \"><div class=\"wpb_wrapper\"><h1><span>Last minute Hrvatska<\/span><\/h1><p><a href=\"https:\/\/makarska-touristik.com\/\"><em><strong><span>Last minute Hrvatska<\/span><\/strong><\/em><\/a><span>\u00a0sa svojom fascinantnom povije\u0161\u0107u, ali prekrasnim obalama i \u017eivahnim gradovima. Brzo postaje novi favorit za europske praznike. Last minute Hrvatsku \u010dini beskrajno zanimljivom zemljom. Mo\u017eete pje\u0161a\u010diti kroz bujne planine i \u0161ume. Istra\u017eite rimske ru\u0161evine ili zaplovite blistavim Mediteranom. Odmor u Hrvatskoj je idealan, ali i<\/span><br \/><span>jeftin i nudi puno vi\u0161e.<\/span><\/p><p><span>Fantasti\u010dno jeftini last minute Hrvatska mo\u017ee se prona\u0107i za boravak u povijesnim gradovima Dubrovniku, Splitu i Puli. Me\u0111utim, ako tra\u017eite zaista zadivljuju\u0107e paket aran\u017emane u regiji, svakako se isplati istra\u017eiti obalu pro\u0161aranu otocima.<\/span><\/p><p><a href=\"https:\/\/makarska-touristik.com\/\"><em><strong><span>Last minute Hrvatska<\/span><\/strong><\/em><\/a><span>\u00a0je tako sjajna destinacija i proglasili smo je jednom od na\u0161ih 10 najboljih destinacija za ljetni odmor ove godine. Ako \u017eelite saznati za\u0161to ili tra\u017eite malo vi\u0161e inspiracije o tome \u0161to u\u010diniti sljede\u0107e, cijeli popis mo\u017eete prona\u0107i ovdje.<\/span><\/p><p>\u00a0<\/p><h2><span>Last minute Hrvatska smje\u0161taj<\/span><\/h2><p><span>Hrvatska je poznata po gradskim zidinama Dubrovnika. Povijesni obalni grad Split postao je dominantna rimska reprezentacija glavnog grada Zagreba. Makarsku rivijeru morate vidjeti. Makarska rivijera je poznata po pje\u0161\u010danim pla\u017eama ili borovim \u0161umama i drugim uvalama. Morate vidjeti i Nacionalni park Plitvice sa svojih 16 jelena.<\/span><\/p><p>\u00a0<\/p><h2><span>Umjetnost i kultura<\/span><\/h2><p><span>U Zagrebu postoji niz muzeja i umjetni\u010dkih galerija. Uklju\u010duju\u0107i Muzej Mimara, koji sadr\u017ei djela slikara kao \u0161to su Veronese i Caravaggio.<\/span><\/p><p><span>Radove hrvatskih umjetnika mo\u017eete vidjeti i u izrazito modernom Muzeju suvremene umjetnosti. Ovaj muzej tako\u0111er prikazuje djela me\u0111unarodnih umjetnika. Tako\u0111er uklju\u010duju repliku tobogana Tate Modern.<\/span><\/p><p><span>Nave\u010der mo\u017eete imati koncert. Opera ili ples u Narodnom kazali\u0161tu u Zagrebu. Impozantna gra\u0111evina iz 19. stolje\u0107a kojom je 1895. godine upravljao car Franjo Josip.<\/span><\/p><p><span>Hrvatska doga\u0111anja tijekom cijele godine. Glavne to\u010dke su Dubrova\u010dke glazbene sve\u010danosti. Posjetili su klasi\u010dne glazbenike iz cijeloga svijeta. Dubrovnik je festival klasi\u010dne glazbe koji traje od sredine srpnja do sredine kolovoza.<\/span><\/p><p><span>Ostali doga\u0111aji uklju\u010duju Dubrova\u010dki me\u0111unarodni festival vina i jazza u rujnu i Hideout Dance Music Festival u lipnju.<\/span><\/p><p><span>Gledajte zalazak sunca u povijesnom obalnom gradu Zadru. Alfred Hitchcock bio je veliki obo\u017eavatelj ove regije i odu\u0161evljen je spektakularnim zalascima sunca. Pro\u0161e\u0107ite dubrova\u010dkim zidinama i u\u017eivajte u prekrasnim pogledima na Jadransko more i grad.<\/span><\/p><p><span>Razgledajte povijesne znamenitosti poput ogromnog rimskog amfiteatra u Puli ili rimske Dioklecijanove pala\u010de u Splitu. Jo\u0161 jedno mjesto koje ne smijete propustiti je slikoviti Stari Grad sa svojim renesansnim pala\u010dama.<\/span><\/p><p><span>Nau\u010dite roniti \u2013 \u010disto more Jadrana i obilje morskog \u017eivota \u010dine ga idealnim. Postoji niz terena od kojih su dva u blizini otoka Kornata i Mljeta u blizini Dubrovnika.<\/span><\/p><p><span>Tako\u0111er mo\u017eete unajmiti kajak i istra\u017eiti obalu. Najpopularnija podru\u010dja su Dubrovnik, Elafitsko oto\u010dje i Kor\u010dula.<\/span><\/p><p>\u00a0<\/p><h2><span>Hrvatski restorani i tradicionalna kuhinja<\/span><\/h2><p><span>Hrvatska kuhinja u nizu utjecaja, najvi\u0161e na sjeveru. Ku\u0161ajte hobotnicu, riblji paprika\u0161 ili vepra s njokima u Stermasi na otoku Mljetu. Jedan od najboljih restorana u Dalmaciji. Uravnote\u017eenu morsku hranu mo\u017eete prona\u0107i i u Konobi Siloko u Veloj Luci u uvali Gradina s prekrasnim pogledom na more.<\/span><\/p><p><span>Ako \u017eelite pobje\u0107i od svega i stvarno uroniti u lokalnu kulturu, onda je Split pravo mjesto za vas. S kristalno \u010distim morem i netaknutim krajolikom. Split je jedno od najpopularnijih odredi\u0161ta za putnike koji tra\u017ee izbor luksuznih hotela.<\/span><\/p><p><span>Najbolje pla\u017ee nalaze se na Marjanu \u2013 glavnom parku. Oko planine Marjan na splitskom poluotoku nalazi se nekoliko slikovitih pla\u017ea. Najpopularnija pla\u017ea je Ba\u0107e. Bace koja se nalazi oko 1 km od centra Splita. S ru\u010dno biranim ponudama mo\u017eete odabrati najbolje mjesto u torbi za pla\u017eu po va\u0161em izboru. Iskoristite najbolje last minute mogu\u0107nosti Hrvatske s ekskluzivnim opcijama.<\/span><\/p><p>\u00a0<\/p><h2><span>Last minute Hrvatska &#8211; povijest i hrvatska kultura<\/span><\/h2><p><span>Od Grka do Rimljana hrvatsku povijest obilje\u017eile su mnoge stare civilizacije. Mnoge od najboljih hrvatskih povijesnih atrakcija nalaze se u gradu Dubrovniku. Ovaj u\u017eurbani grad savr\u0161en je spoj suvremenog i tradicionalnog. Dubrovnik, poznat kao \u201cbiser Jadrana\u201d, le\u017ei na obali ove \u010dudesne zemlje.<\/span><\/p><p><span>Podru\u010dje \u201cStarog grada\u201d nalazi se na UNESCO-vom popisu svjetske ba\u0161tine, a cijeli je grad poznat kao prijestolnica kulture.<\/span><\/p><p><span>Pro\u0161e\u0107ite glavnom ulicom Stradunom i pogledajte sljede\u0107u Onofrijevu fontanu. Orlandov stup, simbol mira. Mnogo je lijepih baroknih crkava. Sve iz stolje\u0107a. Posjetitelji ne mogu oti\u0107i a da ne vide sljede\u0107e Zelinske kipove.<\/span><br \/><span>Pogledajte Plitvice i vidimo se ponovno u prirodi.<\/span><\/p><p><span>Smje\u0161ten u ovom prekrasnom pejza\u017enom parku. 16 kristalno jasnih pogleda su obavezni. Tu su slapovi i prirodne staze koje su stolje\u0107ima isklesane u stijenama. Oni stvaraju ovo prirodno \u010dudo. Istra\u017eite znamenitosti pje\u0161ice ili koristite jedan od besplatnih brodova. Ili mo\u017eete i\u0107i autobusima do Velikog slapa. Drugi vodopad u Hrvatskoj.<\/span><\/p><p><span>Ru\u010dno birane izjave daju vam najbolje od Hrvatske. Oporezuje vas posjedovanje osobnog krajolika ove zemlje. Bilo da ste prirodu izgubili i ponovno do\u017eivjeli ili je ponovno otkrili u drevnoj povijesti Hrvatske. Uz izgubljene popuste mo\u017eete biti sigurni da \u0107ete prona\u0107i najbolje za va\u0161 last minute odmor u Hrvatskoj.<\/span><\/p><\/div><\/div><\/div><\/div><\/div><\/div>\t\t\t\t\t\t<\/div>\n\t\t\t\t<\/div>\n\t\t\t\t\t<\/div>\n\t\t\t\t<\/div>\n\t\t\t\t<\/div>\n\t\t","protected":false},"excerpt":{"rendered":"<p>Last minute Hrvatska Last minute Hrvatska\u00a0sa svojom fascinantnom povije\u0161\u0107u, ali prekrasnim obalama i \u017eivahnim gradovima. Brzo postaje novi favorit za europske praznike. Last minute Hrvatsku \u010dini beskrajno zanimljivom zemljom. Mo\u017eete pje\u0161a\u010diti kroz bujne planine i \u0161ume. Istra\u017eite rimske ru\u0161evine ili zaplovite blistavim Mediteranom. Odmor u Hrvatskoj je idealan, ali ijeftin i nudi puno vi\u0161e. Fantasti\u010dno [&hellip;]<\/p>\n","protected":false},"author":3,"featured_media":0,"parent":0,"menu_order":0,"comment_status":"closed","ping_status":"closed","template":"","meta":{"footnotes":""},"yoast_head":"<!-- This site is optimized with the Yoast SEO plugin v23.1 - https:\/\/yoast.com\/wordpress\/plugins\/seo\/ -->\n<title>Last minute ponuda &#8212; Makarska Touristik<\/title>\n<meta name=\"robots\" content=\"index, follow, max-snippet:-1, max-image-preview:large, max-video-preview:-1\" \/>\n<link rel=\"canonical\" href=\"https:\/\/makarska-touristik.com\/hr\/last-minute-ponuda\/\" \/>\n<meta property=\"og:locale\" content=\"hr_HR\" \/>\n<meta property=\"og:type\" content=\"article\" \/>\n<meta property=\"og:title\" content=\"Last minute ponuda &#8212; Makarska Touristik\" \/>\n<meta property=\"og:description\" content=\"Last minute Hrvatska Last minute Hrvatska\u00a0sa svojom fascinantnom povije\u0161\u0107u, ali prekrasnim obalama i \u017eivahnim gradovima. Brzo postaje novi favorit za europske praznike. Last minute Hrvatsku \u010dini beskrajno zanimljivom zemljom. Mo\u017eete pje\u0161a\u010diti kroz bujne planine i \u0161ume. Istra\u017eite rimske ru\u0161evine ili zaplovite blistavim Mediteranom. Odmor u Hrvatskoj je idealan, ali ijeftin i nudi puno vi\u0161e. Fantasti\u010dno [&hellip;]\" \/>\n<meta property=\"og:url\" content=\"https:\/\/makarska-touristik.com\/hr\/last-minute-ponuda\/\" \/>\n<meta property=\"og:site_name\" content=\"Makarska Touristik\" \/>\n<meta property=\"article:modified_time\" content=\"2024-06-12T11:22:12+00:00\" \/>\n<meta property=\"og:image\" content=\"https:\/\/makarska-touristik.com\/wp-content\/uploads\/2024\/03\/facebook-share.jpg\" \/>\n\t<meta property=\"og:image:width\" content=\"1260\" \/>\n\t<meta property=\"og:image:height\" content=\"800\" \/>\n\t<meta property=\"og:image:type\" content=\"image\/jpeg\" \/>\n<meta name=\"twitter:card\" content=\"summary_large_image\" \/>\n<meta name=\"twitter:label1\" content=\"Procijenjeno vrijeme \u010ditanja\" \/>\n\t<meta name=\"twitter:data1\" content=\"5 minuta\" \/>\n<script type=\"application\/ld+json\" class=\"yoast-schema-graph\">{\"@context\":\"https:\/\/schema.org\",\"@graph\":[{\"@type\":\"WebPage\",\"@id\":\"https:\/\/makarska-touristik.com\/hr\/last-minute-ponuda\/\",\"url\":\"https:\/\/makarska-touristik.com\/hr\/last-minute-ponuda\/\",\"name\":\"Last minute ponuda &#8212; Makarska Touristik\",\"isPartOf\":{\"@id\":\"https:\/\/makarska-touristik.com\/hr\/#website\"},\"datePublished\":\"2024-02-26T08:18:23+00:00\",\"dateModified\":\"2024-06-12T11:22:12+00:00\",\"inLanguage\":\"hr\",\"potentialAction\":[{\"@type\":\"ReadAction\",\"target\":[\"https:\/\/makarska-touristik.com\/hr\/last-minute-ponuda\/\"]}]},{\"@type\":\"WebSite\",\"@id\":\"https:\/\/makarska-touristik.com\/hr\/#website\",\"url\":\"https:\/\/makarska-touristik.com\/hr\/\",\"name\":\"Makarska Touristik\",\"description\":\"\",\"publisher\":{\"@id\":\"https:\/\/makarska-touristik.com\/hr\/#organization\"},\"potentialAction\":[{\"@type\":\"SearchAction\",\"target\":{\"@type\":\"EntryPoint\",\"urlTemplate\":\"https:\/\/makarska-touristik.com\/hr\/?s={search_term_string}\"},\"query-input\":\"required name=search_term_string\"}],\"inLanguage\":\"hr\"},{\"@type\":\"Organization\",\"@id\":\"https:\/\/makarska-touristik.com\/hr\/#organization\",\"name\":\"Makarska Touristik\",\"url\":\"https:\/\/makarska-touristik.com\/hr\/\",\"logo\":{\"@type\":\"ImageObject\",\"inLanguage\":\"hr\",\"@id\":\"https:\/\/makarska-touristik.com\/hr\/#\/schema\/logo\/image\/\",\"url\":\"https:\/\/makarska-touristik.com\/wp-content\/uploads\/2024\/02\/logo-mt-big-font-600w.png\",\"contentUrl\":\"https:\/\/makarska-touristik.com\/wp-content\/uploads\/2024\/02\/logo-mt-big-font-600w.png\",\"width\":600,\"height\":79,\"caption\":\"Makarska Touristik\"},\"image\":{\"@id\":\"https:\/\/makarska-touristik.com\/hr\/#\/schema\/logo\/image\/\"}}]}<\/script>\n<!-- \/ Yoast SEO plugin. -->","yoast_head_json":{"title":"Last minute ponuda &#8212; Makarska Touristik","robots":{"index":"index","follow":"follow","max-snippet":"max-snippet:-1","max-image-preview":"max-image-preview:large","max-video-preview":"max-video-preview:-1"},"canonical":"https:\/\/makarska-touristik.com\/hr\/last-minute-ponuda\/","og_locale":"hr_HR","og_type":"article","og_title":"Last minute ponuda &#8212; Makarska Touristik","og_description":"Last minute Hrvatska Last minute Hrvatska\u00a0sa svojom fascinantnom povije\u0161\u0107u, ali prekrasnim obalama i \u017eivahnim gradovima. Brzo postaje novi favorit za europske praznike. Last minute Hrvatsku \u010dini beskrajno zanimljivom zemljom. Mo\u017eete pje\u0161a\u010diti kroz bujne planine i \u0161ume. Istra\u017eite rimske ru\u0161evine ili zaplovite blistavim Mediteranom. Odmor u Hrvatskoj je idealan, ali ijeftin i nudi puno vi\u0161e. Fantasti\u010dno [&hellip;]","og_url":"https:\/\/makarska-touristik.com\/hr\/last-minute-ponuda\/","og_site_name":"Makarska Touristik","article_modified_time":"2024-06-12T11:22:12+00:00","og_image":[{"width":1260,"height":800,"url":"https:\/\/makarska-touristik.com\/wp-content\/uploads\/2024\/03\/facebook-share.jpg","type":"image\/jpeg"}],"twitter_card":"summary_large_image","twitter_misc":{"Procijenjeno vrijeme \u010ditanja":"5 minuta"},"schema":{"@context":"https:\/\/schema.org","@graph":[{"@type":"WebPage","@id":"https:\/\/makarska-touristik.com\/hr\/last-minute-ponuda\/","url":"https:\/\/makarska-touristik.com\/hr\/last-minute-ponuda\/","name":"Last minute ponuda &#8212; Makarska Touristik","isPartOf":{"@id":"https:\/\/makarska-touristik.com\/hr\/#website"},"datePublished":"2024-02-26T08:18:23+00:00","dateModified":"2024-06-12T11:22:12+00:00","inLanguage":"hr","potentialAction":[{"@type":"ReadAction","target":["https:\/\/makarska-touristik.com\/hr\/last-minute-ponuda\/"]}]},{"@type":"WebSite","@id":"https:\/\/makarska-touristik.com\/hr\/#website","url":"https:\/\/makarska-touristik.com\/hr\/","name":"Makarska Touristik","description":"","publisher":{"@id":"https:\/\/makarska-touristik.com\/hr\/#organization"},"potentialAction":[{"@type":"SearchAction","target":{"@type":"EntryPoint","urlTemplate":"https:\/\/makarska-touristik.com\/hr\/?s={search_term_string}"},"query-input":"required name=search_term_string"}],"inLanguage":"hr"},{"@type":"Organization","@id":"https:\/\/makarska-touristik.com\/hr\/#organization","name":"Makarska Touristik","url":"https:\/\/makarska-touristik.com\/hr\/","logo":{"@type":"ImageObject","inLanguage":"hr","@id":"https:\/\/makarska-touristik.com\/hr\/#\/schema\/logo\/image\/","url":"https:\/\/makarska-touristik.com\/wp-content\/uploads\/2024\/02\/logo-mt-big-font-600w.png","contentUrl":"https:\/\/makarska-touristik.com\/wp-content\/uploads\/2024\/02\/logo-mt-big-font-600w.png","width":600,"height":79,"caption":"Makarska Touristik"},"image":{"@id":"https:\/\/makarska-touristik.com\/hr\/#\/schema\/logo\/image\/"}}]}},"_links":{"self":[{"href":"https:\/\/makarska-touristik.com\/hr\/wp-json\/wp\/v2\/pages\/130024"}],"collection":[{"href":"https:\/\/makarska-touristik.com\/hr\/wp-json\/wp\/v2\/pages"}],"about":[{"href":"https:\/\/makarska-touristik.com\/hr\/wp-json\/wp\/v2\/types\/page"}],"author":[{"embeddable":true,"href":"https:\/\/makarska-touristik.com\/hr\/wp-json\/wp\/v2\/users\/3"}],"replies":[{"embeddable":true,"href":"https:\/\/makarska-touristik.com\/hr\/wp-json\/wp\/v2\/comments?post=130024"}],"version-history":[{"count":7,"href":"https:\/\/makarska-touristik.com\/hr\/wp-json\/wp\/v2\/pages\/130024\/revisions"}],"predecessor-version":[{"id":206914,"href":"https:\/\/makarska-touristik.com\/hr\/wp-json\/wp\/v2\/pages\/130024\/revisions\/206914"}],"wp:attachment":[{"href":"https:\/\/makarska-touristik.com\/hr\/wp-json\/wp\/v2\/media?parent=130024"}],"curies":[{"name":"wp","href":"https:\/\/api.w.org\/{rel}","templated":true}]}}