{"id":199038,"date":"2024-03-14T12:17:38","date_gmt":"2024-03-14T12:17:38","guid":{"rendered":"https:\/\/makarska-touristik.com\/impressum\/"},"modified":"2024-04-19T10:48:15","modified_gmt":"2024-04-19T10:48:15","slug":"impressum","status":"publish","type":"page","link":"https:\/\/makarska-touristik.com\/hr\/impressum\/","title":{"rendered":"Impressum"},"content":{"rendered":"<h1 style=\"text-align: center;\">Impressum<\/h1>\n<h2 class=\"h2-impressum\">Podaci<\/h2>\n<p>Makarska Touristik<br \/>\nUlica kralja Zvonimira 4, 21300 Makarska<\/p>\n<p>Kontakt:<br \/>\nMobitel: +385 (0) 99 \/ 4256111<br \/>\nTelefon: +385 (0) 21 \/ 607911<br \/>\n<a href=\"mailto:info@makarska-touristik.com\">info@makarska-touristik.com<\/a><\/p>\n<h2 class=\"h2-impressum\">Izjava o odgovornosti<\/h2>\n<p>Sadr\u017eaj na\u0161e web stranice kreiran je s najve\u0107om pa\u017enjom. Me\u0111utim, ne mo\u017eemo jam\u010diti da je sadr\u017eaj to\u010dan, cjelovit i a\u017euriran. Kao davatelj usluga odgovorni smo za vlastiti sadr\u017eaj na ovim stranicama u skladu s op\u0107im zakonima u skladu s odjeljkom 7 (1) TMG. Prema \u00a7\u00a7 8 do 10 TMG, mi kao davatelj usluga nismo du\u017eni nadzirati poslane ili pohranjene podatke tre\u0107e strane ili istra\u017eiti okolnosti koje ukazuju na nezakonitu aktivnost. Obveze uklanjanja ili blokiranja uporabe podataka prema op\u0107im zakonima se ne primjenjuju. Me\u0111utim, odgovornost u tom pogledu mogu\u0107a je tek od trenutka kada saznamo za odre\u0111enu zakonsku povredu. \u010cim budemo postali svjesni takvih kr\u0161enja, odmah \u0107emo ukloniti takav sadr\u017eaj.<\/p>\n<h3 class=\"h3-impressum\">Odgovornost za linkove<\/h3>\n<p>Na\u0161a ponuda sadr\u017ei linkove na vanjske web stranice tre\u0107ih strana, na \u010diji sadr\u017eaj nemamo utjecaj. Iz tog razloga ne mo\u017eemo preuzeti nikakvu odgovornost za ovaj vanjski sadr\u017eaj. Odgovaraju\u0107i davatelj ili operator stranica uvijek je odgovoran za sadr\u017eaj povezanih stranica. Povezane stranice provjerene su zbog mogu\u0107ih pravnih kr\u0161enja u vrijeme stvaranja suradnje. U vrijeme stvaranja suradnje nije se vidio nijedan neto\u010dan sadr\u017eaj. Trajna kontrola sadr\u017eaja povezanih stranica nije potrebna bez konkretnih dokaza o kr\u0161enju. \u010cim budemo postali svjesni zakonskih kr\u0161enja, takve sadr\u017eaje \u0107emo odmah ukloniti.<\/p>\n<h3 class=\"h3-impressum\">Autorsko pravo<\/h3>\n<p>Umno\u017eavanje, ure\u0111ivanje, distribucija i bilo kakva uporaba izvan granica zakona o autorskim pravima zahtijevaju pismeni pristanak odgovaraju\u0107eg autora ili stvaratelja. Preuzimanja i kopije ove stranice dopu\u0161teni su samo za privatnu, nekomercijalnu upotrebu. Ako sadr\u017eaj na ovoj stranici nije stvorio operater, po\u0161tuju se autorska prava tre\u0107ih strana. Konkretno, sadr\u017eaj tre\u0107e strane ozna\u010den je kao takav. Ako ipak postanete svjesni kr\u0161enja autorskih prava, javite nam se. \u010cim budemo postali svjesni zakonskih kr\u0161enja, takav \u0107emo sadr\u017eaj odmah ukloniti.<\/p>\n<h3 class=\"h3-impressum\">Za\u0161tita podataka<\/h3>\n<p>Upotreba na\u0161e web stranice obi\u010dno je mogu\u0107a bez pru\u017eanja osobnih podataka. Koliko se osobni podaci (npr. Ime, adresa ili adresa e-po\u0161te) prikupljaju na na\u0161oj web stranici, to se uvijek \u010dini na dobrovoljnoj osnovi u najve\u0107oj mogu\u0107oj mjeri. Ovi podaci ne\u0107e biti proslije\u0111eni tre\u0107im stranama bez va\u0161eg izri\u010ditog pristanka. \u017deljeli bismo napomenuti da prijenos podataka putem Interneta (npr. Pri komunikaciji e-po\u0161tom) mo\u017ee imati sigurnosne praznine. Nije mogu\u0107e u potpunosti za\u0161tititi podatke od pristupa tre\u0107e strane. Izri\u010dito se protivimo kori\u0161tenju podataka o kontaktima koje tre\u0107e strane objavljuju u okviru obveze o utisku za slanje ne\u017eeljenih reklamnih i informativnih materijala. Operatori web mjesta izri\u010dito zadr\u017eavaju pravo poduzeti pravne slu\u010dajeve u slu\u010daju slanja ne\u017eeljenih reklamnih podataka, poput ne\u017eeljene e-po\u0161te.<\/p>\n<h3 class=\"h3-impressum\">Izjava o za\u0161titi podataka za upotrebu Facebook-Pluginova (Like-gumb)<\/h3>\n<p>Pluginovi dru\u0161tvene mre\u017ee Facebook, 1601 South California Avenue, Palo Alto, CA 94304, USA integrirani su na na\u0161u web stranicu. Facebook dodatke mo\u017eete prepoznati po Facebook logotipu ili gumbu \u201eSvi\u0111a mi se\u201c na na\u0161oj web stranici. Pregled Facebook dodataka mo\u017eete prona\u0107i ovdje:\u00a0<a href=\"http:\/\/developers.facebook.com\/docs\/plugins\/\">http:\/\/developers.facebook.com\/docs\/plugins\/<\/a>.<br \/>\nKada posjetite na\u0161u web stranicu, dodatak stvara izravnu vezu izme\u0111u va\u0161eg preglednika i Facebook poslu\u017eitelja. Facebook prima informacije da ste posjetili na\u0161u stranicu s va\u0161om IP adresom. Ako kliknete Facebook \u201cLike\u201d tipku dok ste prijavljeni na svoj Facebook ra\u010dun, mo\u017eete povezati sadr\u017eaj na\u0161ih stranica sa svojim Facebook profilom. To omogu\u0107ava Facebooku da va\u0161em korisni\u010dkom ra\u010dunu dodijeli posjetu na\u0161oj web stranici. \u017delimo istaknuti da kao pru\u017eatelj web stranice nemamo saznanja o sadr\u017eaju prenesenih podataka niti o tome kako ga Facebook koristi. Vi\u0161e informacija o tome mo\u017eete prona\u0107i u Facebook deklaraciji o za\u0161titi podataka na\u00a0<a href=\"http:\/\/facebook.com\/policy.php\">http:\/\/facebook.com\/policy.php<\/a>\u00a0Ako ne \u017eelite da Facebook mo\u017ee povezati va\u0161 posjet na\u0161oj web stranici s va\u0161im Facebook korisni\u010dkim ra\u010dunom, odjavite se sa svog Facebook korisni\u010dkog ra\u010duna.<\/p>\n<h3 class=\"h3-impressum\">Izjava o za\u0161titi podataka za upotrebu Google Analyticsa<\/h3>\n<p>Ova web stranica koristi Google Analytics, uslugu web analitike koju nudi Google Inc. (\u201eGoogle\u201c). Google Analytics koristi takozvane \u201ckola\u010di\u0107e\u201d, tekstualne datoteke pohranjene na va\u0161em ra\u010dunalu i omogu\u0107uju analizu va\u0161e upotrebe web mjesta. Informacije koje kola\u010di\u0107 generira o va\u0161oj upotrebi ove web stranice obi\u010dno se \u0161alju na Googleov poslu\u017eitelj u SAD i tamo se pohranjuju. Ako se na ovoj web stranici aktivira anonimnost IP adrese, Google \u0107e va\u0161u IP adresu prethodno skratiti unutar dr\u017eava \u010dlanica Europske unije ili u drugim dr\u017eavama ugovornicama Sporazuma o Europskom gospodarskom prostoru. Puna IP adresa prenosi se samo na Googleov poslu\u017eitelj u SAD i tamo se u iznimnim slu\u010dajevima skra\u0107uje. Google \u0107e u ime operatera ove web stranice upotrijebiti ove podatke za procjenu va\u0161e upotrebe web stranice, za sastavljanje izvje\u0161\u0107a o aktivnosti web mjesta i pru\u017eanje operateru web stranice s ostalim uslugama vezanim za aktivnost web stranice i upotrebu Interneta. IP adresa koju je Va\u0161 preglednik prenio kao dio Google Analytics-a ne\u0107e se spojiti s ostalim Google podacima. Mo\u017eete sprije\u010diti pohranu kola\u010di\u0107a tako da pravilno postavite softver preglednika; me\u0111utim, \u017eelimo napomenuti da u ovom slu\u010daju mo\u017eda ne\u0107ete biti u mogu\u0107nosti koristiti sve funkcije ove web stranice u potpunosti. Tako\u0111er mo\u017eete sprije\u010diti Google da prikuplja podatke generirane kola\u010di\u0107em i odnosi se na va\u0161u upotrebu web mjesta (uklju\u010duju\u0107i va\u0161u IP adresu) i da Google te podatke obra\u0111uje tako \u0161to \u0107ete preuzeti dodatak za preglednik dostupan na sljede\u0107oj vezi i instalirajte:\u00a0<a href=\"http:\/\/tools.google.com\/dlpage\/gaoptout\">http:\/\/tools.google.com\/dlpage\/gaoptout<\/a>.<\/p>\n<h3 class=\"h3-impressum\">Izjava o za\u0161titi podataka za upotrebu Google Adsense-a<\/h3>\n<p>Ova web stranica koristi Google AdSense, uslugu za integriranje reklama od tvrtke Google Inc. (\u201eGoogle\u201c). Google AdSense koristi takozvane \u201ckola\u010di\u0107e\u201d, tekstualne datoteke koje se pohranjuju na va\u0161em ra\u010dunalu i omogu\u0107uju analizu upotrebe web mjesta. Google AdSense tako\u0111er koristi takozvane web beacons (nevidljive grafike). Te se web-svjetionice mogu koristiti za procjenu informacija poput prometa posjetitelja na ovim stranicama. Podaci generirani kola\u010di\u0107ima i web-signalima o upotrebi ove web stranice (uklju\u010duju\u0107i va\u0161u IP adresu) i isporuci reklamnih formata \u0161alju se na Googleov poslu\u017eitelj u SAD i tamo se pohranjuju. Te podatke Google mo\u017ee proslijediti ugovornim partnerima tvrtke Google. No, Google ne\u0107e spojiti va\u0161u IP adresu s ostalim podacima koje ste pohranili.<br \/>\nMo\u017eete sprije\u010diti instalaciju kola\u010di\u0107a tako da pravilno postavite softver preglednika; me\u0111utim, imajte na umu da ako to u\u010dinite, mo\u017eda ne\u0107ete mo\u0107i koristiti potpunu funkcionalnost ove web stranice. Kori\u0161tenjem ove web stranice pristajete na Googleovu obradu podataka o vama na na\u010din i u gore navedene svrhe.<\/p>\n<h3 class=\"h3-impressum\">Izjava o za\u0161titi podataka za upotrebu Twittera<\/h3>\n<p>Funkcije usluge Twitter integrirane su u na\u0161u web stranicu. Te funkcije nude se kroz Twitter Inc., 795 Folsom St., Suite 600, San Francisco, CA 94107, USA. Kori\u0161tenjem Twittera i funkcijom \u201cRe-Tweet\u201d web stranice koje posjetite povezane su na va\u0161 Twitter ra\u010dun i dostupne drugim korisnicima. Podaci se tako\u0111er prenose na Twitter. \u017delimo istaknuti da kao pru\u017eatelj web stranice nemamo saznanja o sadr\u017eaju prenesenih podataka niti o tome kako ga Twitter koristi. Dodatne informacije potra\u017eite u Twitteru o politici privatnosti na\u00a0<a href=\"http:\/\/twitter.com\/privacy\">http:\/\/twitter.com\/privacy<\/a>. Postavke za\u0161tite podataka na Twitteru mo\u017eete promijeniti u postavkama ra\u010duna na\u00a0<a href=\"http:\/\/twitter.com\/account\/settings\">http:\/\/twitter.com\/account\/settings<\/a>.<\/p>\n<p>Izvori:\u00a0<a href=\"http:\/\/www.e-recht24.de\/muster-disclaimer.htm\">eRecht24 odricanje odgovornosti<\/a>,\u00a0<a href=\"http:\/\/www.e-recht24.de\/artikel\/datenschutz\/6590-facebook-like-button-datenschutz-disclaimer.html\">Facebook odricanje od eRecht24<\/a>,\u00a0<a href=\"https:\/\/www.google.com\/intl\/de_ALL\/analytics\/tos.html\">deklaracija o za\u0161titi podataka za Google Analytics<\/a>,\u00a0<a href=\"http:\/\/www.e-recht24.de\/artikel\/datenschutz\/6635-datenschutz-rechtliche-risiken-bei-der-nutzung-von-google-analytics-und-googleadsense.html\">deklaracija o za\u0161titi podataka za Google Adsense<\/a>,\u00a0<a href=\"https:\/\/www.google.com\/intl\/de\/+\/policy\/+1button.html\">deklaracija o za\u0161titi podataka za Google +1<\/a>, i<a href=\"https:\/\/twitter.com\/privacy\">zjava o za\u0161titi podataka na Twitteru<\/a>, po\u010detna stranica \u2013 Karta Dalmacije: Ova datoteka je pod\u00a0<a href=\"https:\/\/en.wikipedia.org\/wiki\/Creative_Commons\">Creative-Commons<\/a>\u00a0licencom \u201eNamensnennung-Weitergabe unter gleichen Bedingungen 3.0 Unported\u201d licencirana.<\/p>\n","protected":false},"excerpt":{"rendered":"<p>Impressum Podaci Makarska Touristik Ulica kralja Zvonimira 4, 21300 Makarska Kontakt: Mobitel: +385 (0) 99 \/ 4256111 Telefon: +385 (0) 21 \/ 607911 info@makarska-touristik.com Izjava o odgovornosti Sadr\u017eaj na\u0161e web stranice kreiran je s najve\u0107om pa\u017enjom. Me\u0111utim, ne mo\u017eemo jam\u010diti da je sadr\u017eaj to\u010dan, cjelovit i a\u017euriran. Kao davatelj usluga odgovorni smo za vlastiti sadr\u017eaj [&hellip;]<\/p>\n","protected":false},"author":3,"featured_media":0,"parent":0,"menu_order":0,"comment_status":"closed","ping_status":"closed","template":"","meta":{"footnotes":""},"yoast_head":"<!-- This site is optimized with the Yoast SEO plugin v23.1 - https:\/\/yoast.com\/wordpress\/plugins\/seo\/ -->\n<title>Impressum &#8212; Makarska Touristik<\/title>\n<meta name=\"robots\" content=\"index, follow, max-snippet:-1, max-image-preview:large, max-video-preview:-1\" \/>\n<link rel=\"canonical\" href=\"https:\/\/makarska-touristik.com\/hr\/impressum\/\" \/>\n<meta property=\"og:locale\" content=\"hr_HR\" \/>\n<meta property=\"og:type\" content=\"article\" \/>\n<meta property=\"og:title\" content=\"Impressum &#8212; Makarska Touristik\" \/>\n<meta property=\"og:description\" content=\"Impressum Podaci Makarska Touristik Ulica kralja Zvonimira 4, 21300 Makarska Kontakt: Mobitel: +385 (0) 99 \/ 4256111 Telefon: +385 (0) 21 \/ 607911 info@makarska-touristik.com Izjava o odgovornosti Sadr\u017eaj na\u0161e web stranice kreiran je s najve\u0107om pa\u017enjom. Me\u0111utim, ne mo\u017eemo jam\u010diti da je sadr\u017eaj to\u010dan, cjelovit i a\u017euriran. Kao davatelj usluga odgovorni smo za vlastiti sadr\u017eaj [&hellip;]\" \/>\n<meta property=\"og:url\" content=\"https:\/\/makarska-touristik.com\/hr\/impressum\/\" \/>\n<meta property=\"og:site_name\" content=\"Makarska Touristik\" \/>\n<meta property=\"article:modified_time\" content=\"2024-04-19T10:48:15+00:00\" \/>\n<meta property=\"og:image\" content=\"https:\/\/makarska-touristik.com\/wp-content\/uploads\/2024\/03\/facebook-share.jpg\" \/>\n\t<meta property=\"og:image:width\" content=\"1260\" \/>\n\t<meta property=\"og:image:height\" content=\"800\" \/>\n\t<meta property=\"og:image:type\" content=\"image\/jpeg\" \/>\n<meta name=\"twitter:card\" content=\"summary_large_image\" \/>\n<meta name=\"twitter:label1\" content=\"Procijenjeno vrijeme \u010ditanja\" \/>\n\t<meta name=\"twitter:data1\" content=\"7 minuta\" \/>\n<script type=\"application\/ld+json\" class=\"yoast-schema-graph\">{\"@context\":\"https:\/\/schema.org\",\"@graph\":[{\"@type\":\"WebPage\",\"@id\":\"https:\/\/makarska-touristik.com\/hr\/impressum\/\",\"url\":\"https:\/\/makarska-touristik.com\/hr\/impressum\/\",\"name\":\"Impressum &#8212; Makarska Touristik\",\"isPartOf\":{\"@id\":\"https:\/\/makarska-touristik.com\/hr\/#website\"},\"datePublished\":\"2024-03-14T12:17:38+00:00\",\"dateModified\":\"2024-04-19T10:48:15+00:00\",\"inLanguage\":\"hr\",\"potentialAction\":[{\"@type\":\"ReadAction\",\"target\":[\"https:\/\/makarska-touristik.com\/hr\/impressum\/\"]}]},{\"@type\":\"WebSite\",\"@id\":\"https:\/\/makarska-touristik.com\/hr\/#website\",\"url\":\"https:\/\/makarska-touristik.com\/hr\/\",\"name\":\"Makarska Touristik\",\"description\":\"\",\"publisher\":{\"@id\":\"https:\/\/makarska-touristik.com\/hr\/#organization\"},\"potentialAction\":[{\"@type\":\"SearchAction\",\"target\":{\"@type\":\"EntryPoint\",\"urlTemplate\":\"https:\/\/makarska-touristik.com\/hr\/?s={search_term_string}\"},\"query-input\":\"required name=search_term_string\"}],\"inLanguage\":\"hr\"},{\"@type\":\"Organization\",\"@id\":\"https:\/\/makarska-touristik.com\/hr\/#organization\",\"name\":\"Makarska Touristik\",\"url\":\"https:\/\/makarska-touristik.com\/hr\/\",\"logo\":{\"@type\":\"ImageObject\",\"inLanguage\":\"hr\",\"@id\":\"https:\/\/makarska-touristik.com\/hr\/#\/schema\/logo\/image\/\",\"url\":\"https:\/\/makarska-touristik.com\/wp-content\/uploads\/2024\/02\/logo-mt-big-font-600w.png\",\"contentUrl\":\"https:\/\/makarska-touristik.com\/wp-content\/uploads\/2024\/02\/logo-mt-big-font-600w.png\",\"width\":600,\"height\":79,\"caption\":\"Makarska Touristik\"},\"image\":{\"@id\":\"https:\/\/makarska-touristik.com\/hr\/#\/schema\/logo\/image\/\"}}]}<\/script>\n<!-- \/ Yoast SEO plugin. -->","yoast_head_json":{"title":"Impressum &#8212; Makarska Touristik","robots":{"index":"index","follow":"follow","max-snippet":"max-snippet:-1","max-image-preview":"max-image-preview:large","max-video-preview":"max-video-preview:-1"},"canonical":"https:\/\/makarska-touristik.com\/hr\/impressum\/","og_locale":"hr_HR","og_type":"article","og_title":"Impressum &#8212; Makarska Touristik","og_description":"Impressum Podaci Makarska Touristik Ulica kralja Zvonimira 4, 21300 Makarska Kontakt: Mobitel: +385 (0) 99 \/ 4256111 Telefon: +385 (0) 21 \/ 607911 info@makarska-touristik.com Izjava o odgovornosti Sadr\u017eaj na\u0161e web stranice kreiran je s najve\u0107om pa\u017enjom. Me\u0111utim, ne mo\u017eemo jam\u010diti da je sadr\u017eaj to\u010dan, cjelovit i a\u017euriran. Kao davatelj usluga odgovorni smo za vlastiti sadr\u017eaj [&hellip;]","og_url":"https:\/\/makarska-touristik.com\/hr\/impressum\/","og_site_name":"Makarska Touristik","article_modified_time":"2024-04-19T10:48:15+00:00","og_image":[{"width":1260,"height":800,"url":"https:\/\/makarska-touristik.com\/wp-content\/uploads\/2024\/03\/facebook-share.jpg","type":"image\/jpeg"}],"twitter_card":"summary_large_image","twitter_misc":{"Procijenjeno vrijeme \u010ditanja":"7 minuta"},"schema":{"@context":"https:\/\/schema.org","@graph":[{"@type":"WebPage","@id":"https:\/\/makarska-touristik.com\/hr\/impressum\/","url":"https:\/\/makarska-touristik.com\/hr\/impressum\/","name":"Impressum &#8212; Makarska Touristik","isPartOf":{"@id":"https:\/\/makarska-touristik.com\/hr\/#website"},"datePublished":"2024-03-14T12:17:38+00:00","dateModified":"2024-04-19T10:48:15+00:00","inLanguage":"hr","potentialAction":[{"@type":"ReadAction","target":["https:\/\/makarska-touristik.com\/hr\/impressum\/"]}]},{"@type":"WebSite","@id":"https:\/\/makarska-touristik.com\/hr\/#website","url":"https:\/\/makarska-touristik.com\/hr\/","name":"Makarska Touristik","description":"","publisher":{"@id":"https:\/\/makarska-touristik.com\/hr\/#organization"},"potentialAction":[{"@type":"SearchAction","target":{"@type":"EntryPoint","urlTemplate":"https:\/\/makarska-touristik.com\/hr\/?s={search_term_string}"},"query-input":"required name=search_term_string"}],"inLanguage":"hr"},{"@type":"Organization","@id":"https:\/\/makarska-touristik.com\/hr\/#organization","name":"Makarska Touristik","url":"https:\/\/makarska-touristik.com\/hr\/","logo":{"@type":"ImageObject","inLanguage":"hr","@id":"https:\/\/makarska-touristik.com\/hr\/#\/schema\/logo\/image\/","url":"https:\/\/makarska-touristik.com\/wp-content\/uploads\/2024\/02\/logo-mt-big-font-600w.png","contentUrl":"https:\/\/makarska-touristik.com\/wp-content\/uploads\/2024\/02\/logo-mt-big-font-600w.png","width":600,"height":79,"caption":"Makarska Touristik"},"image":{"@id":"https:\/\/makarska-touristik.com\/hr\/#\/schema\/logo\/image\/"}}]}},"_links":{"self":[{"href":"https:\/\/makarska-touristik.com\/hr\/wp-json\/wp\/v2\/pages\/199038"}],"collection":[{"href":"https:\/\/makarska-touristik.com\/hr\/wp-json\/wp\/v2\/pages"}],"about":[{"href":"https:\/\/makarska-touristik.com\/hr\/wp-json\/wp\/v2\/types\/page"}],"author":[{"embeddable":true,"href":"https:\/\/makarska-touristik.com\/hr\/wp-json\/wp\/v2\/users\/3"}],"replies":[{"embeddable":true,"href":"https:\/\/makarska-touristik.com\/hr\/wp-json\/wp\/v2\/comments?post=199038"}],"version-history":[{"count":6,"href":"https:\/\/makarska-touristik.com\/hr\/wp-json\/wp\/v2\/pages\/199038\/revisions"}],"predecessor-version":[{"id":205583,"href":"https:\/\/makarska-touristik.com\/hr\/wp-json\/wp\/v2\/pages\/199038\/revisions\/205583"}],"wp:attachment":[{"href":"https:\/\/makarska-touristik.com\/hr\/wp-json\/wp\/v2\/media?parent=199038"}],"curies":[{"name":"wp","href":"https:\/\/api.w.org\/{rel}","templated":true}]}}