{"id":199919,"date":"2024-03-20T14:14:41","date_gmt":"2024-03-20T14:14:41","guid":{"rendered":"https:\/\/makarska-touristik.com\/pravno\/"},"modified":"2024-04-19T10:45:26","modified_gmt":"2024-04-19T10:45:26","slug":"pravno","status":"publish","type":"page","link":"https:\/\/makarska-touristik.com\/hr\/pravno\/","title":{"rendered":"PRAVNO"},"content":{"rendered":"<div>\n<h1 class=\"listing-title\">PRAVNO<\/h1>\n<p><strong>Makarska Touristik d.o.o. turisti\u010dka agencija<\/strong><\/p>\n<\/div>\n<div>\n<div><\/div>\n<div><strong>Radno vrijeme: 08:00 \u2013 21:00 svaki dan<\/strong><\/div>\n<div><\/div>\n<div><strong>OIB<\/strong>: 80362383719<\/div>\n<div><strong>MBS<\/strong>: 060360798<\/div>\n<div><\/div>\n<div>Trgova\u010dki sud u Splitu<\/div>\n<div>Nadle\u017eno tijelo:<\/div>\n<div>Turisti\u010dka inspekcija Ministarstva turizma, ispostava Makarska<\/div>\n<div><\/div>\n<div>Voditelj poslova: Kristijan Dugand\u017ei\u0107 i Mateo Kvesi\u0107<\/div>\n<\/div>\n","protected":false},"excerpt":{"rendered":"<p>PRAVNO Makarska Touristik d.o.o. turisti\u010dka agencija Radno vrijeme: 08:00 \u2013 21:00 svaki dan OIB: 80362383719 MBS: 060360798 Trgova\u010dki sud u Splitu Nadle\u017eno tijelo: Turisti\u010dka inspekcija Ministarstva turizma, ispostava Makarska Voditelj poslova: Kristijan Dugand\u017ei\u0107 i Mateo Kvesi\u0107<\/p>\n","protected":false},"author":4,"featured_media":0,"parent":0,"menu_order":0,"comment_status":"closed","ping_status":"closed","template":"","meta":{"footnotes":""},"yoast_head":"<!-- This site is optimized with the Yoast SEO plugin v23.1 - https:\/\/yoast.com\/wordpress\/plugins\/seo\/ -->\n<title>PRAVNO &#8212; Makarska Touristik<\/title>\n<meta name=\"robots\" content=\"index, follow, max-snippet:-1, max-image-preview:large, max-video-preview:-1\" \/>\n<link rel=\"canonical\" href=\"https:\/\/makarska-touristik.com\/hr\/pravno\/\" \/>\n<meta property=\"og:locale\" content=\"hr_HR\" \/>\n<meta property=\"og:type\" content=\"article\" \/>\n<meta property=\"og:title\" content=\"PRAVNO &#8212; Makarska Touristik\" \/>\n<meta property=\"og:description\" content=\"PRAVNO Makarska Touristik d.o.o. turisti\u010dka agencija Radno vrijeme: 08:00 \u2013 21:00 svaki dan OIB: 80362383719 MBS: 060360798 Trgova\u010dki sud u Splitu Nadle\u017eno tijelo: Turisti\u010dka inspekcija Ministarstva turizma, ispostava Makarska Voditelj poslova: Kristijan Dugand\u017ei\u0107 i Mateo Kvesi\u0107\" \/>\n<meta property=\"og:url\" content=\"https:\/\/makarska-touristik.com\/hr\/pravno\/\" \/>\n<meta property=\"og:site_name\" content=\"Makarska Touristik\" \/>\n<meta property=\"article:modified_time\" content=\"2024-04-19T10:45:26+00:00\" \/>\n<meta property=\"og:image\" content=\"https:\/\/makarska-touristik.com\/wp-content\/uploads\/2024\/03\/facebook-share.jpg\" \/>\n\t<meta property=\"og:image:width\" content=\"1260\" \/>\n\t<meta property=\"og:image:height\" content=\"800\" \/>\n\t<meta property=\"og:image:type\" content=\"image\/jpeg\" \/>\n<meta name=\"twitter:card\" content=\"summary_large_image\" \/>\n<meta name=\"twitter:label1\" content=\"Procijenjeno vrijeme \u010ditanja\" \/>\n\t<meta name=\"twitter:data1\" content=\"1 minuta\" \/>\n<script type=\"application\/ld+json\" class=\"yoast-schema-graph\">{\"@context\":\"https:\/\/schema.org\",\"@graph\":[{\"@type\":\"WebPage\",\"@id\":\"https:\/\/makarska-touristik.com\/hr\/pravno\/\",\"url\":\"https:\/\/makarska-touristik.com\/hr\/pravno\/\",\"name\":\"PRAVNO &#8212; Makarska Touristik\",\"isPartOf\":{\"@id\":\"https:\/\/makarska-touristik.com\/hr\/#website\"},\"datePublished\":\"2024-03-20T14:14:41+00:00\",\"dateModified\":\"2024-04-19T10:45:26+00:00\",\"inLanguage\":\"hr\",\"potentialAction\":[{\"@type\":\"ReadAction\",\"target\":[\"https:\/\/makarska-touristik.com\/hr\/pravno\/\"]}]},{\"@type\":\"WebSite\",\"@id\":\"https:\/\/makarska-touristik.com\/hr\/#website\",\"url\":\"https:\/\/makarska-touristik.com\/hr\/\",\"name\":\"Makarska Touristik\",\"description\":\"\",\"publisher\":{\"@id\":\"https:\/\/makarska-touristik.com\/hr\/#organization\"},\"potentialAction\":[{\"@type\":\"SearchAction\",\"target\":{\"@type\":\"EntryPoint\",\"urlTemplate\":\"https:\/\/makarska-touristik.com\/hr\/?s={search_term_string}\"},\"query-input\":\"required name=search_term_string\"}],\"inLanguage\":\"hr\"},{\"@type\":\"Organization\",\"@id\":\"https:\/\/makarska-touristik.com\/hr\/#organization\",\"name\":\"Makarska Touristik\",\"url\":\"https:\/\/makarska-touristik.com\/hr\/\",\"logo\":{\"@type\":\"ImageObject\",\"inLanguage\":\"hr\",\"@id\":\"https:\/\/makarska-touristik.com\/hr\/#\/schema\/logo\/image\/\",\"url\":\"https:\/\/makarska-touristik.com\/wp-content\/uploads\/2024\/02\/logo-mt-big-font-600w.png\",\"contentUrl\":\"https:\/\/makarska-touristik.com\/wp-content\/uploads\/2024\/02\/logo-mt-big-font-600w.png\",\"width\":600,\"height\":79,\"caption\":\"Makarska Touristik\"},\"image\":{\"@id\":\"https:\/\/makarska-touristik.com\/hr\/#\/schema\/logo\/image\/\"}}]}<\/script>\n<!-- \/ Yoast SEO plugin. -->","yoast_head_json":{"title":"PRAVNO &#8212; Makarska Touristik","robots":{"index":"index","follow":"follow","max-snippet":"max-snippet:-1","max-image-preview":"max-image-preview:large","max-video-preview":"max-video-preview:-1"},"canonical":"https:\/\/makarska-touristik.com\/hr\/pravno\/","og_locale":"hr_HR","og_type":"article","og_title":"PRAVNO &#8212; Makarska Touristik","og_description":"PRAVNO Makarska Touristik d.o.o. turisti\u010dka agencija Radno vrijeme: 08:00 \u2013 21:00 svaki dan OIB: 80362383719 MBS: 060360798 Trgova\u010dki sud u Splitu Nadle\u017eno tijelo: Turisti\u010dka inspekcija Ministarstva turizma, ispostava Makarska Voditelj poslova: Kristijan Dugand\u017ei\u0107 i Mateo Kvesi\u0107","og_url":"https:\/\/makarska-touristik.com\/hr\/pravno\/","og_site_name":"Makarska Touristik","article_modified_time":"2024-04-19T10:45:26+00:00","og_image":[{"width":1260,"height":800,"url":"https:\/\/makarska-touristik.com\/wp-content\/uploads\/2024\/03\/facebook-share.jpg","type":"image\/jpeg"}],"twitter_card":"summary_large_image","twitter_misc":{"Procijenjeno vrijeme \u010ditanja":"1 minuta"},"schema":{"@context":"https:\/\/schema.org","@graph":[{"@type":"WebPage","@id":"https:\/\/makarska-touristik.com\/hr\/pravno\/","url":"https:\/\/makarska-touristik.com\/hr\/pravno\/","name":"PRAVNO &#8212; Makarska Touristik","isPartOf":{"@id":"https:\/\/makarska-touristik.com\/hr\/#website"},"datePublished":"2024-03-20T14:14:41+00:00","dateModified":"2024-04-19T10:45:26+00:00","inLanguage":"hr","potentialAction":[{"@type":"ReadAction","target":["https:\/\/makarska-touristik.com\/hr\/pravno\/"]}]},{"@type":"WebSite","@id":"https:\/\/makarska-touristik.com\/hr\/#website","url":"https:\/\/makarska-touristik.com\/hr\/","name":"Makarska Touristik","description":"","publisher":{"@id":"https:\/\/makarska-touristik.com\/hr\/#organization"},"potentialAction":[{"@type":"SearchAction","target":{"@type":"EntryPoint","urlTemplate":"https:\/\/makarska-touristik.com\/hr\/?s={search_term_string}"},"query-input":"required name=search_term_string"}],"inLanguage":"hr"},{"@type":"Organization","@id":"https:\/\/makarska-touristik.com\/hr\/#organization","name":"Makarska Touristik","url":"https:\/\/makarska-touristik.com\/hr\/","logo":{"@type":"ImageObject","inLanguage":"hr","@id":"https:\/\/makarska-touristik.com\/hr\/#\/schema\/logo\/image\/","url":"https:\/\/makarska-touristik.com\/wp-content\/uploads\/2024\/02\/logo-mt-big-font-600w.png","contentUrl":"https:\/\/makarska-touristik.com\/wp-content\/uploads\/2024\/02\/logo-mt-big-font-600w.png","width":600,"height":79,"caption":"Makarska Touristik"},"image":{"@id":"https:\/\/makarska-touristik.com\/hr\/#\/schema\/logo\/image\/"}}]}},"_links":{"self":[{"href":"https:\/\/makarska-touristik.com\/hr\/wp-json\/wp\/v2\/pages\/199919"}],"collection":[{"href":"https:\/\/makarska-touristik.com\/hr\/wp-json\/wp\/v2\/pages"}],"about":[{"href":"https:\/\/makarska-touristik.com\/hr\/wp-json\/wp\/v2\/types\/page"}],"author":[{"embeddable":true,"href":"https:\/\/makarska-touristik.com\/hr\/wp-json\/wp\/v2\/users\/4"}],"replies":[{"embeddable":true,"href":"https:\/\/makarska-touristik.com\/hr\/wp-json\/wp\/v2\/comments?post=199919"}],"version-history":[{"count":2,"href":"https:\/\/makarska-touristik.com\/hr\/wp-json\/wp\/v2\/pages\/199919\/revisions"}],"predecessor-version":[{"id":205579,"href":"https:\/\/makarska-touristik.com\/hr\/wp-json\/wp\/v2\/pages\/199919\/revisions\/205579"}],"wp:attachment":[{"href":"https:\/\/makarska-touristik.com\/hr\/wp-json\/wp\/v2\/media?parent=199919"}],"curies":[{"name":"wp","href":"https:\/\/api.w.org\/{rel}","templated":true}]}}