{"id":200182,"date":"2024-03-20T14:43:22","date_gmt":"2024-03-20T13:43:22","guid":{"rendered":"https:\/\/makarska-touristik.com\/datenschutz-grundverordnung\/"},"modified":"2024-06-04T12:56:16","modified_gmt":"2024-06-04T10:56:16","slug":"osnovna-uredba-o-zastiti-podataka","status":"publish","type":"page","link":"https:\/\/makarska-touristik.com\/hr\/osnovna-uredba-o-zastiti-podataka\/","title":{"rendered":"OSNOVNA UREDBA O ZA\u0160TITI PODATAKA"},"content":{"rendered":"<h1><span>OSNOVNA UREDBA O ZA\u0160TITI PODATAKA<\/span><\/h1>\n<p>&nbsp;<\/p>\n<p><span>U nastavku se nalazi politika osobnih podataka Makarska Touristik koja sadr\u017ei informacije o tome kako Makarska Touristik prikuplja, koristi, dijeli i \u0161titi osobne podatke.<\/span><\/p>\n<h5><span>1. Odgovornost za Va\u0161e osobne podatke<\/span><\/h5>\n<p><a href=\"https:\/\/makarska-touristik.com\/\"><strong><span>www.makarska-touristik.com<\/span><\/strong><\/a><span>\u00a0i ostale web stranice i katalozi Makarska Touristik u vlasni\u0161tvu su i odr\u017eavaju MAKARSKA TOURISTIK doo<\/span><br \/>\n<span>Svaki zahtjev u vezi za\u0161tite podataka mo\u017eete uputiti u pisanom obliku na sljede\u0107u e-mail adresu:<\/span><br \/>\n<strong><a href=\"mailto:info@makarska-touristik.com\"><span>info@makarska-touristik.com<\/span><\/a><\/strong><br \/>\n<span>MAKARSKA TOURISTIK doo odgovoran je za ispravnu obradu osobnih podataka koje \u0161aljete MAKARSKA TOURISTIK doo. MAKARSKA TOURISTIK doo Va\u0161e osobne podatke pohranjuje i obra\u0111uje u skladu sa zakonima o za\u0161titi podataka i privatnosti.<\/span><\/p>\n<h5><span>2. Prikupljene i obra\u0111ene informacije<\/span><\/h5>\n<p><span>Podaci o najmoprimcu:<\/span><\/p>\n<p><span>Ukoliko naru\u010dite najam ku\u0107e za odmor od MAKARSKA TOURISTIK doo, obra\u0111ujemo osobne podatke koje ste dostavili u vezi s rezervacijom. Obi\u010dno je ovo va\u0161e ime, adresa, telefonski broj, eventualno adresa e-po\u0161te i podaci o pla\u0107anju.<\/span><\/p>\n<p><span>Podaci o vlasniku ku\u0107e:<\/span><\/p>\n<p><span>Ukoliko svoju ku\u0107u za odmor odlu\u010dite iznajmiti putem agencijskog ugovora s MAKARSKA TOURISTIK doo, MAKARSKA TOURISTIK doo obra\u0111uje osobne podatke koje ste dostavili u vezi sa sklapanjem ugovora. Obi\u010dno je to va\u0161e ime, adresa, telefonski broj, eventualno adresa e-po\u0161te, podaci o bankovnom ra\u010dunu i podaci o va\u0161oj ku\u0107i za odmor.<\/span><\/p>\n<p><span>Op\u0107enito:<\/span><\/p>\n<p><span>Ukoliko koristite po\u010detnu stranicu MAKARSKA TOURISTIK doo podatke o va\u0161em kori\u0161tenju po\u010detne stranice prikupljamo putem kola\u010di\u0107a. Za vi\u0161e informacija o kola\u010di\u0107ima i na\u010dinu na koji ih koristimo pogledajte Politiku kola\u010di\u0107a MAKARSKA TOURISTIK doo.<\/span><\/p>\n<h5><span>3. Svrha obrade osobnih podataka<\/span><\/h5>\n<p><span>Osobni podaci koje dajete MAKARSKA TOURISTIK doo mogu se koristiti u razli\u010dite svrhe ovisno o va\u0161em odnosu s MAKARSKA TOURISTIK doo, na primjer:<\/span><\/p>\n<p><span>\u2022 za izvr\u0161enje Va\u0161e rezervacije kada vr\u0161ite rezervaciju kod MAKARSKA TOURISTIK doo<\/span><br \/>\n<span>\u2022 za ispunjavanje obveza MAKARSKA TOURISTIK doo u vezi s ugovorom o posredovanju kada iznajmljujete svoju ku\u0107u za odmor preko MAKARSKA TOURISTIK doo<\/span><br \/>\n<span>\u2022 za statisti\u010dke potrebe radi optimizacije najma i MAKARSKA TOURISTIK doo kako bi pobolj\u0161ao uslugu za vas<\/span><br \/>\n<span>\u2022 kako bi opetovane posjete web stranici MAKARSKA TOURISTIK doo u\u010dinili osobnijim<\/span><br \/>\n<span>\u2022 kako bi vas informirali o ponudama i drugim uslugama za koje MAKARSKA TOURISTIK doo vjeruje da \u0107e vas zanimati<\/span><br \/>\n<span>\u2022 kako bi odgovorili na upite u vezi s korisni\u010dkim servisom i<\/span><br \/>\n<span>\u2022 kako bi poslati informacije koje ste tra\u017eili.<\/span><\/p>\n<h4><span>4. Pravna osnova za obradu osobnih podataka<\/span><\/h4>\n<p><span>Ukoliko naru\u010dite ku\u0107u za odmor preko MAKARSKA TOURISTIK doo ili sklopite ugovor o posredovanju s Makarska Touristik, dobit \u0107ete konkretne informacije o pravnoj osnovi na kojoj se obra\u0111uju Va\u0161i osobni podaci.<\/span><br \/>\n<span>Osobne podatke obra\u0111ujemo na temelju jedne od sljede\u0107ih pravnih osnova:<\/span><br \/>\n<span>Izvr\u0161enje ugovora<\/span><\/p>\n<p><span>Sa najmoprimcem:<\/span><\/p>\n<p><span>Ukoliko naru\u010dujete ku\u0107u za odmor preko MAKARSKA TOURISTIK doo, MAKARSKA TOURISTIK doo obra\u0111uje osobne podatke koje ste dali prilikom rezervacije jer su oni nu\u017eni za realizaciju Va\u0161e rezervacije i ispunjenje ugovora o najmu. Ako ne \u017eelite dati ove podatke, ne\u0107emo mo\u0107i obraditi va\u0161u rezervaciju.<\/span><\/p>\n<p><span>S vlasnikom ku\u0107e:<\/span><\/p>\n<p><span>Ukoliko s MAKARSKA TOURISTIK doo sklopite ugovor o posredovanju, MAKARSKA TOURISTIK doo obra\u0111uje osobne podatke koje dostavite u vezi sa sklapanjem ovog ugovora, kao i podatke o va\u0161oj ku\u0107i za odmor, jer su isti nu\u017eni za provedbu i optimizaciju najma. i MAKARSKA TOURISTIK doo kako bi mogli ispunjavati ugovorne obveze. Ukoliko ne \u017eelite dati ove podatke, MAKARSKA TOURISTIK doo ne\u0107e biti u mogu\u0107nosti ispuniti svoje ugovorne obveze.<\/span><\/p>\n<p><span>Legitimni interes<\/span><\/p>\n<p><span>Iznajmljiva\u010d:<\/span><\/p>\n<p><span>Ukoliko naru\u010dujete ku\u0107u za odmor preko MAKARSKA TOURISTIK doo, MAKARSKA TOURISTIK doo obra\u0111uje osobne podatke koje ste dali prilikom rezervacije jer vas MAKARSKA TOURISTIK doo \u017eeli kontaktirati s dobrim ponudama. Ova obrada Va\u0161ih osobnih podataka provodi se na temelju legitimnog interesa MAKARSKA TOURISTIK doo da odr\u017eava kontakt s Vama u nadi da \u0107ete u budu\u0107nosti iznajmljivati \u200b\u200bku\u0107u za odmor preko MAKARSKA TOURISTIK doo. Stoga mo\u017eete pretpostaviti da \u0107e vas Makarska Touristik stalno kontaktirati s ponudama.<\/span><\/p>\n<p><span>Vlasnik ku\u0107e:<\/span><\/p>\n<p><span>Ukoliko s MAKARSKA TOURISTIK doo sklopite ugovor o posredovanju, MAKARSKA TOURISTIK doo obra\u0111uje osobne podatke koje dostavite u vezi sa sklapanjem ovog ugovora, jer \u0107e vam se nakon isteka ugovora o posredovanju, MAKARSKA TOURISTIK doo rado obratiti s ponudama nastaviti suradnju s MAKARSKA TOURISTIK doo \u017eelim. Ova obrada Va\u0161ih osobnih podataka temelji se na legitimnom interesu MAKARSKA TOURISTIK doo da odr\u017eava kontakt s Vama i time pove\u0107ava mogu\u0107nost nastavka suradnje s MAKARSKA TOURISTIK doo. Stoga mo\u017eete pretpostaviti da \u0107e Vas MAKARSKA TOURISTIK doo nakon isteka agencijskog ugovora kontaktirati s ponudama i informacijama koje su Vam bitne u vezi s izjavom o nastavku iznajmljivanja preko MAKARSKA TOURISTIK doo.<\/span><\/p>\n<p><span>U svakom trenutku imate pravo zahtijevati da Vam MAKARSKA TOURISTIK doo prestane slati reklamni materijal. To mo\u017eete u\u010diniti slanjem e-maila na sljede\u0107u e-mail adresu:\u00a0<\/span><strong><a href=\"mailto:info@makarska-touristik.com\"><span>info@makarska-touristik.com<\/span><\/a><\/strong><\/p>\n<p><span>Op\u0107enito:<\/span><\/p>\n<p><span>MAKARSKA TOURISTIK doo koristi neke osobne podatke u statisti\u010dke svrhe kako bi optimizirala uslugu MAKARSKA TOURISTIK doo za Vas. Ovi postupci obrade provode se na temelju interesa MAKARSKA TOURISTIK doo za pru\u017eanje najbolje mogu\u0107e usluge.<\/span><br \/>\n<span>MAKARSKA TOURISTIK doo ponekad proslje\u0111uje \u0161ifrirane e-mail adrese Facebooku i Googleu, izme\u0111u ostalog, kako bi u ime MAKARSKA TOURISTIK doo mogli pobuditi interes za proizvode, usluge i koncepte MAKARSKA TOURISTIK doo i potaknuti korisnike da posjete po\u010detnu stranicu MAKARSKA TOURISTIK doo. MAKARSKA TOURISTIK doo tako\u0111er koristi svoje podatke o klijentima za recenzije na Internetu, uklju\u010duju\u0107i i Trustpilot, te se stoga mo\u017ee dogoditi da dobijete poruku kojom vas MAKARSKA TOURISTIK doo tra\u017ei komentare u vezi s va\u0161im boravkom u ku\u0107i za odmor i\/ili usluge koje ste dobili od MAKARSKA TOURISTIK doo. Ova obrada se provodi na temelju interesa MAKARSKA TOURISTIK doo da organizira marketing MAKARSKA TOURISTIK doo na ciljani na\u010din i pru\u017eanje najbolje mogu\u0107e usluge.<\/span><br \/>\n<span>U bilo kojem trenutku imate pravo ulo\u017eiti prigovor na obradu Va\u0161ih osobnih podataka u gore navedene svrhe. To mo\u017eete u\u010diniti slanjem e-maila na sljede\u0107u e-mail adresu:<\/span><br \/>\n<strong><a href=\"mailto:info@makarska-touristik.com\"><span>info@makarska-touristik.com<\/span><\/a><\/strong><\/p>\n<p><span>sporazum<\/span><\/p>\n<p><span>MAKARSKA TOURISTIK doo ne proslje\u0111uje Va\u0161e osobne podatke poslovnim partnerima kako bi Vam se zasebno obratili s dobrim ponudama i sl., osim ako ste za to dali posebnu suglasnost.<\/span><\/p>\n<p><span>Ukoliko MAKARSKA TOURISTIK doo koristi va\u0161e fotografije ili video zapise za marketing, MAKARSKA TOURISTIK doo \u0107e prije kori\u0161tenja tra\u017eiti va\u0161 pristanak.<\/span><br \/>\n<span>Svoju privolu uvijek mo\u017eete opozvati slanjem e-maila na sljede\u0107u e-mail adresu:\u00a0<\/span><span>info@makarska-touristik.com<\/span><\/p>\n<p><span>Po\u0161tivanje zakonske obveze<\/span><\/p>\n<p><span>Ukoliko je zakonom utvr\u0111ena zakonska obveza obrade, MAKARSKA TOURISTIK doo \u0107e Va\u0161e osobne podatke obra\u0111ivati \u200b\u200bi temeljem te zakonske obveze.<\/span><\/p>\n<h5><span>5. Otkrivanje osobnih podataka<\/span><\/h5>\n<p><span>MAKARSKA TOURISTIK doo proslje\u0111uje, u potrebnom opsegu, relevantne osobne podatke najmodavcima\/najmoprimcima, drugim dru\u0161tvima u grupi MAKARSKA TOURISTIK doo, poslovnim partnerima kao \u0161to su putni\u010dke agencije, portali za iznajmljivanje, karti\u010dne ku\u0107e, osiguravaju\u0107a dru\u0161tva i tvrtke za \u010di\u0161\u0107enje kao i javne vlasti u svrhu obavljanja najma i optimizacije obveza MAKARSKA TOURISTIK doo za naplatu to\u010dne i sigurne uplate ili u mjeri u kojoj to zahtijevaju va\u017ee\u0107i zakoni.<\/span><br \/>\n<span>Ukoliko ste za to dali posebnu suglasnost, MAKARSKA TOURISTIK doo \u0107e Va\u0161e osobne podatke proslijediti odabranim poslovnim partnerima kako bi Vam se zasebno obratili s dobrim ponudama i sl. Svoju privolu uvijek mo\u017eete opozvati slanjem e-maila na sljede\u0107u e-mail adresu:<\/span><br \/>\n<strong><a href=\"mailto:info@makarska-touristik.com\"><span>info@makarska-touristik.com<\/span><\/a><\/strong><\/p>\n<p><span>MAKARSKA TOURISTIK doo prenosi osobne podatke u zemlje izvan EU\/EEA samo u mjeri u kojoj je to potrebno i samo tamo gdje MAKARSKA TOURISTIK doo ima osigurana odgovaraju\u0107a jamstva za odgovaraju\u0107u razinu za\u0161tite, bilo zato \u0161to je Europska komisija donijela odluku o primjerenosti razine za\u0161tite u doti\u010dnoj zemlji ili putem tzv. programa \u201e\u0160tit privatnosti\u201c ili putem standardnih propisa o za\u0161titi podataka koje je izdala Europska komisija. Dodatne informacije mo\u017eete zatra\u017eiti slanjem e-maila na:\u00a0<\/span><strong><a href=\"mailto:info@makarska-touristik.com\"><span>info@makarska-touristik.com<\/span><\/a><\/strong><\/p>\n<h5><span>6. Razdoblje \u010duvanja osobnih podataka<\/span><\/h5>\n<p><span>MAKARSKA TOURISTIK doo \u0107e Va\u0161e osobne podatke \u010duvati samo onoliko koliko je to potrebno u skladu s relevantnim svrhama ili u skladu s va\u017ee\u0107im zakonima. MAKARSKA TOURISTIK doo bri\u0161e va\u0161e osobne podatke kada vi\u0161e nije potrebno njihovo pohranjivanje.<\/span><\/p>\n<h5><span>7. Va\u0161a prava<\/span><\/h5>\n<p><span>Imate pravo biti obavije\u0161teni o tome koje podatke MAKARSKA TOURISTIK doo prikuplja te pravo na promjenu podataka ako su neto\u010dni. Imate pravo dobiti kopiju osobnih podataka koji se obra\u0111uju.<\/span><br \/>\n<span>Imate pravo na brisanje Va\u0161ih osobnih podataka ako podaci vi\u0161e nisu potrebni za ispunjenje svrhe za koju su prikupljeni ili ako je obrada nezakonita.<\/span><br \/>\n<span>Imate pravo zahtijevati da MAKARSKA TOURISTIK doo ograni\u010di obradu Va\u0161ih osobnih podataka.<\/span><br \/>\n<span>Imate pravo zahtijevati da Vam MAKARSKA TOURISTIK doo prestane slati reklamni materijal.<\/span><br \/>\n<span>Imate pravo primiti svoje osobne podatke u strukturiranom, uobi\u010dajeno kori\u0161tenom i strojno \u010ditljivom formatu te na prijenos va\u0161ih osobnih podataka drugom voditelju obrade ako je to tehni\u010dki mogu\u0107e.<\/span><br \/>\n<span>Imate pravo podnijeti pritu\u017ebu nadzornom tijelu.<\/span><br \/>\n<span>Imate pravo povu\u0107i svoju privolu ako MAKARSKA TOURISTIK doo obra\u0111uje Va\u0161e osobne podatke na temelju Va\u0161e privole.<\/span><br \/>\n<span>Sve zahtjeve u vezi s Va\u0161im pravima mo\u017eete uputiti e-po\u0161tom na sljede\u0107u e-mail adresu:<\/span><br \/>\n<strong><a href=\"mailto:info@makarska-touristik.com\"><span>info@makarska-touristik.com<\/span><\/a><\/strong><\/p>\n<h5><span>8. Ostale po\u010detne stranice<\/span><\/h5>\n<p><span>Po\u010detna stranica MAKARSKA TOURISTIK doo mo\u017ee sadr\u017eavati poveznice na druge po\u010detne stranice. Ova politika osobnih podataka odnosi se samo na po\u010detnu stranicu MAKARSKA TOURISTIK doo; Stoga, ukoliko koristite poveznice na druge web stranice, MAKARSKA TOURISTIK doo preporu\u010da da pro\u010ditate njihovu politiku osobnih podataka.<\/span><\/p>\n<h5><span>9. A\u017euriranje politike Makarska Touristik o osobnim podacima<\/span><\/h5>\n<p><span>MAKARSKA TOURISTIK doo redovito provjerava svoju politiku osobnih podataka i sva a\u017euriranja objavljuje na web stranici MAKARSKA TOURISTIK doo.<\/span><br \/>\n<span>Ova politika podataka zadnji put je a\u017eurirana u svibnju 2018.<\/span><br \/>\n<span>Svaki zahtjev u vezi sa za\u0161titom podataka mo\u017eete uputiti e-po\u0161tom na sljede\u0107u e-mail adresu:<\/span><\/p>\n<p><strong><a href=\"mailto:info@makarska-touristik.com\"><span>info@makarska-touristik.com<\/span><\/a><\/strong><\/p>\n<p>&nbsp;<\/p>\n","protected":false},"excerpt":{"rendered":"<p>OSNOVNA UREDBA O ZA\u0160TITI PODATAKA &nbsp; U nastavku se nalazi politika osobnih podataka Makarska Touristik koja sadr\u017ei informacije o tome kako Makarska Touristik prikuplja, koristi, dijeli i \u0161titi osobne podatke. 1. Odgovornost za Va\u0161e osobne podatke www.makarska-touristik.com\u00a0i ostale web stranice i katalozi Makarska Touristik u vlasni\u0161tvu su i odr\u017eavaju MAKARSKA TOURISTIK doo Svaki zahtjev u [&hellip;]<\/p>\n","protected":false},"author":4,"featured_media":0,"parent":0,"menu_order":0,"comment_status":"closed","ping_status":"closed","template":"","meta":{"footnotes":""},"yoast_head":"<!-- This site is optimized with the Yoast SEO plugin v23.1 - https:\/\/yoast.com\/wordpress\/plugins\/seo\/ -->\n<title>OSNOVNA UREDBA O ZA\u0160TITI PODATAKA &#8212; Makarska Touristik<\/title>\n<meta name=\"robots\" content=\"index, follow, max-snippet:-1, max-image-preview:large, max-video-preview:-1\" \/>\n<link rel=\"canonical\" href=\"https:\/\/makarska-touristik.com\/hr\/osnovna-uredba-o-zastiti-podataka\/\" \/>\n<meta property=\"og:locale\" content=\"hr_HR\" \/>\n<meta property=\"og:type\" content=\"article\" \/>\n<meta property=\"og:title\" content=\"OSNOVNA UREDBA O ZA\u0160TITI PODATAKA &#8212; Makarska Touristik\" \/>\n<meta property=\"og:description\" content=\"OSNOVNA UREDBA O ZA\u0160TITI PODATAKA &nbsp; U nastavku se nalazi politika osobnih podataka Makarska Touristik koja sadr\u017ei informacije o tome kako Makarska Touristik prikuplja, koristi, dijeli i \u0161titi osobne podatke. 1. Odgovornost za Va\u0161e osobne podatke www.makarska-touristik.com\u00a0i ostale web stranice i katalozi Makarska Touristik u vlasni\u0161tvu su i odr\u017eavaju MAKARSKA TOURISTIK doo Svaki zahtjev u [&hellip;]\" \/>\n<meta property=\"og:url\" content=\"https:\/\/makarska-touristik.com\/hr\/osnovna-uredba-o-zastiti-podataka\/\" \/>\n<meta property=\"og:site_name\" content=\"Makarska Touristik\" \/>\n<meta property=\"article:modified_time\" content=\"2024-06-04T10:56:16+00:00\" \/>\n<meta property=\"og:image\" content=\"https:\/\/makarska-touristik.com\/wp-content\/uploads\/2024\/03\/facebook-share.jpg\" \/>\n\t<meta property=\"og:image:width\" content=\"1260\" \/>\n\t<meta property=\"og:image:height\" content=\"800\" \/>\n\t<meta property=\"og:image:type\" content=\"image\/jpeg\" \/>\n<meta name=\"twitter:card\" content=\"summary_large_image\" \/>\n<meta name=\"twitter:label1\" content=\"Procijenjeno vrijeme \u010ditanja\" \/>\n\t<meta name=\"twitter:data1\" content=\"9 minuta\" \/>\n<script type=\"application\/ld+json\" class=\"yoast-schema-graph\">{\"@context\":\"https:\/\/schema.org\",\"@graph\":[{\"@type\":\"WebPage\",\"@id\":\"https:\/\/makarska-touristik.com\/hr\/osnovna-uredba-o-zastiti-podataka\/\",\"url\":\"https:\/\/makarska-touristik.com\/hr\/osnovna-uredba-o-zastiti-podataka\/\",\"name\":\"OSNOVNA UREDBA O ZA\u0160TITI PODATAKA &#8212; Makarska Touristik\",\"isPartOf\":{\"@id\":\"https:\/\/makarska-touristik.com\/hr\/#website\"},\"datePublished\":\"2024-03-20T13:43:22+00:00\",\"dateModified\":\"2024-06-04T10:56:16+00:00\",\"inLanguage\":\"hr\",\"potentialAction\":[{\"@type\":\"ReadAction\",\"target\":[\"https:\/\/makarska-touristik.com\/hr\/osnovna-uredba-o-zastiti-podataka\/\"]}]},{\"@type\":\"WebSite\",\"@id\":\"https:\/\/makarska-touristik.com\/hr\/#website\",\"url\":\"https:\/\/makarska-touristik.com\/hr\/\",\"name\":\"Makarska Touristik\",\"description\":\"\",\"publisher\":{\"@id\":\"https:\/\/makarska-touristik.com\/hr\/#organization\"},\"potentialAction\":[{\"@type\":\"SearchAction\",\"target\":{\"@type\":\"EntryPoint\",\"urlTemplate\":\"https:\/\/makarska-touristik.com\/hr\/?s={search_term_string}\"},\"query-input\":\"required name=search_term_string\"}],\"inLanguage\":\"hr\"},{\"@type\":\"Organization\",\"@id\":\"https:\/\/makarska-touristik.com\/hr\/#organization\",\"name\":\"Makarska Touristik\",\"url\":\"https:\/\/makarska-touristik.com\/hr\/\",\"logo\":{\"@type\":\"ImageObject\",\"inLanguage\":\"hr\",\"@id\":\"https:\/\/makarska-touristik.com\/hr\/#\/schema\/logo\/image\/\",\"url\":\"https:\/\/makarska-touristik.com\/wp-content\/uploads\/2024\/02\/logo-mt-big-font-600w.png\",\"contentUrl\":\"https:\/\/makarska-touristik.com\/wp-content\/uploads\/2024\/02\/logo-mt-big-font-600w.png\",\"width\":600,\"height\":79,\"caption\":\"Makarska Touristik\"},\"image\":{\"@id\":\"https:\/\/makarska-touristik.com\/hr\/#\/schema\/logo\/image\/\"}}]}<\/script>\n<!-- \/ Yoast SEO plugin. -->","yoast_head_json":{"title":"OSNOVNA UREDBA O ZA\u0160TITI PODATAKA &#8212; Makarska Touristik","robots":{"index":"index","follow":"follow","max-snippet":"max-snippet:-1","max-image-preview":"max-image-preview:large","max-video-preview":"max-video-preview:-1"},"canonical":"https:\/\/makarska-touristik.com\/hr\/osnovna-uredba-o-zastiti-podataka\/","og_locale":"hr_HR","og_type":"article","og_title":"OSNOVNA UREDBA O ZA\u0160TITI PODATAKA &#8212; Makarska Touristik","og_description":"OSNOVNA UREDBA O ZA\u0160TITI PODATAKA &nbsp; U nastavku se nalazi politika osobnih podataka Makarska Touristik koja sadr\u017ei informacije o tome kako Makarska Touristik prikuplja, koristi, dijeli i \u0161titi osobne podatke. 1. Odgovornost za Va\u0161e osobne podatke www.makarska-touristik.com\u00a0i ostale web stranice i katalozi Makarska Touristik u vlasni\u0161tvu su i odr\u017eavaju MAKARSKA TOURISTIK doo Svaki zahtjev u [&hellip;]","og_url":"https:\/\/makarska-touristik.com\/hr\/osnovna-uredba-o-zastiti-podataka\/","og_site_name":"Makarska Touristik","article_modified_time":"2024-06-04T10:56:16+00:00","og_image":[{"width":1260,"height":800,"url":"https:\/\/makarska-touristik.com\/wp-content\/uploads\/2024\/03\/facebook-share.jpg","type":"image\/jpeg"}],"twitter_card":"summary_large_image","twitter_misc":{"Procijenjeno vrijeme \u010ditanja":"9 minuta"},"schema":{"@context":"https:\/\/schema.org","@graph":[{"@type":"WebPage","@id":"https:\/\/makarska-touristik.com\/hr\/osnovna-uredba-o-zastiti-podataka\/","url":"https:\/\/makarska-touristik.com\/hr\/osnovna-uredba-o-zastiti-podataka\/","name":"OSNOVNA UREDBA O ZA\u0160TITI PODATAKA &#8212; Makarska Touristik","isPartOf":{"@id":"https:\/\/makarska-touristik.com\/hr\/#website"},"datePublished":"2024-03-20T13:43:22+00:00","dateModified":"2024-06-04T10:56:16+00:00","inLanguage":"hr","potentialAction":[{"@type":"ReadAction","target":["https:\/\/makarska-touristik.com\/hr\/osnovna-uredba-o-zastiti-podataka\/"]}]},{"@type":"WebSite","@id":"https:\/\/makarska-touristik.com\/hr\/#website","url":"https:\/\/makarska-touristik.com\/hr\/","name":"Makarska Touristik","description":"","publisher":{"@id":"https:\/\/makarska-touristik.com\/hr\/#organization"},"potentialAction":[{"@type":"SearchAction","target":{"@type":"EntryPoint","urlTemplate":"https:\/\/makarska-touristik.com\/hr\/?s={search_term_string}"},"query-input":"required name=search_term_string"}],"inLanguage":"hr"},{"@type":"Organization","@id":"https:\/\/makarska-touristik.com\/hr\/#organization","name":"Makarska Touristik","url":"https:\/\/makarska-touristik.com\/hr\/","logo":{"@type":"ImageObject","inLanguage":"hr","@id":"https:\/\/makarska-touristik.com\/hr\/#\/schema\/logo\/image\/","url":"https:\/\/makarska-touristik.com\/wp-content\/uploads\/2024\/02\/logo-mt-big-font-600w.png","contentUrl":"https:\/\/makarska-touristik.com\/wp-content\/uploads\/2024\/02\/logo-mt-big-font-600w.png","width":600,"height":79,"caption":"Makarska Touristik"},"image":{"@id":"https:\/\/makarska-touristik.com\/hr\/#\/schema\/logo\/image\/"}}]}},"_links":{"self":[{"href":"https:\/\/makarska-touristik.com\/hr\/wp-json\/wp\/v2\/pages\/200182"}],"collection":[{"href":"https:\/\/makarska-touristik.com\/hr\/wp-json\/wp\/v2\/pages"}],"about":[{"href":"https:\/\/makarska-touristik.com\/hr\/wp-json\/wp\/v2\/types\/page"}],"author":[{"embeddable":true,"href":"https:\/\/makarska-touristik.com\/hr\/wp-json\/wp\/v2\/users\/4"}],"replies":[{"embeddable":true,"href":"https:\/\/makarska-touristik.com\/hr\/wp-json\/wp\/v2\/comments?post=200182"}],"version-history":[{"count":3,"href":"https:\/\/makarska-touristik.com\/hr\/wp-json\/wp\/v2\/pages\/200182\/revisions"}],"predecessor-version":[{"id":206478,"href":"https:\/\/makarska-touristik.com\/hr\/wp-json\/wp\/v2\/pages\/200182\/revisions\/206478"}],"wp:attachment":[{"href":"https:\/\/makarska-touristik.com\/hr\/wp-json\/wp\/v2\/media?parent=200182"}],"curies":[{"name":"wp","href":"https:\/\/api.w.org\/{rel}","templated":true}]}}